{"id":495,"date":"2024-09-16T12:06:28","date_gmt":"2024-09-16T11:06:28","guid":{"rendered":"http:\/\/wolfy.geoportal.in\/?page_id=495"},"modified":"2025-11-25T16:03:11","modified_gmt":"2025-11-25T16:03:11","slug":"dedek-mraz","status":"publish","type":"page","link":"https:\/\/wolfy.si\/index.php\/dedek-mraz\/","title":{"rendered":"DEDEK MRAZ 2025"},"content":{"rendered":"\t\t<div data-elementor-type=\"wp-page\" data-elementor-id=\"495\" class=\"elementor elementor-495\">\n\t\t\t\t\t\t<section class=\"elementor-section elementor-top-section elementor-element elementor-element-584e861 elementor-section-height-min-height elementor-section-content-middle elementor-reverse-mobile elementor-section-boxed elementor-section-height-default elementor-section-items-middle\" data-id=\"584e861\" data-element_type=\"section\" data-settings=\"{&quot;background_background&quot;:&quot;classic&quot;}\">\n\t\t\t\t\t\t\t<div class=\"elementor-background-overlay\"><\/div>\n\t\t\t\t\t\t\t<div class=\"elementor-container elementor-column-gap-no\">\n\t\t\t\t\t<div class=\"elementor-column elementor-col-100 elementor-top-column elementor-element elementor-element-6da90c6\" data-id=\"6da90c6\" data-element_type=\"column\">\n\t\t\t<div class=\"elementor-widget-wrap elementor-element-populated\">\n\t\t\t\t\t\t<div class=\"elementor-element elementor-element-44bc04e elementor-widget elementor-widget-heading\" data-id=\"44bc04e\" data-element_type=\"widget\" data-widget_type=\"heading.default\">\n\t\t\t\t<div class=\"elementor-widget-container\">\n\t\t\t<h1 class=\"elementor-heading-title elementor-size-default\">DEDEK MRAZ <\/h1>\t\t<\/div>\n\t\t\t\t<\/div>\n\t\t\t\t\t<\/div>\n\t\t<\/div>\n\t\t\t\t\t<\/div>\n\t\t<\/section>\n\t\t\t\t<section class=\"elementor-section elementor-top-section elementor-element elementor-element-020993b elementor-section-content-top elementor-section-boxed elementor-section-height-default elementor-section-height-default\" data-id=\"020993b\" data-element_type=\"section\">\n\t\t\t\t\t\t<div class=\"elementor-container elementor-column-gap-no\">\n\t\t\t\t\t<div class=\"elementor-column elementor-col-100 elementor-top-column elementor-element elementor-element-cced573\" data-id=\"cced573\" data-element_type=\"column\">\n\t\t\t<div class=\"elementor-widget-wrap elementor-element-populated\">\n\t\t\t\t\t\t<div class=\"elementor-element elementor-element-e90796e elementor-widget elementor-widget-heading\" data-id=\"e90796e\" data-element_type=\"widget\" data-widget_type=\"heading.default\">\n\t\t\t\t<div class=\"elementor-widget-container\">\n\t\t\t<h2 class=\"elementor-heading-title elementor-size-default\">DEDEK MRAZ  2025<\/h2>\t\t<\/div>\n\t\t\t\t<\/div>\n\t\t\t\t<div class=\"elementor-element elementor-element-1cb48b4 elementor-widget__width-initial elementor-widget elementor-widget-text-editor\" data-id=\"1cb48b4\" data-element_type=\"widget\" data-widget_type=\"text-editor.default\">\n\t\t\t\t<div class=\"elementor-widget-container\">\n\t\t\t\t\t\t\t<p style=\"font-weight: 400; text-align: left;\">DEDEK MRAZ in OTRO\u0160KA PRAVLJICA<\/p><p style=\"text-align: left;\">Dodatna popestritev plesne \u0161ole WOLFY je gledali\u0161\u010de\u00a0<strong>PRAVLJICA<\/strong>. Vsako leto pripravimo za pred\u0161olske otroke in u\u010dence ni\u017ejih razredov pravljico, ki jo izvajamo v \u010dasu veselega decembra. Posebnost na\u0161ih predstav sta izrazita plesna dinami\u010dnost, lahkotna vsebina in scenska obarvanost. Za seboj imamo \u017ee ve\u010d kot 250 uspe\u0161nih nastopov po vrtcih, \u0161olah, otro\u0161kih bolni\u0161nicah, kulturnih domovih in sindikatih. Tako otroke in u\u010dence ter vse mlade po srcu popeljemo v plesno pravlji\u010dni svet.<br \/>Na\u0161a prednost gledali\u0161\u010da je, da so predstave cenovno ugodne, obisk Dedka Mraza v na\u0161i izvedbi in prostorsko prilagodljive. Vse na\u0161e pravljice imajo dva zaklju\u010dka. Prvi zaklju\u010dek se kon\u010da s prihodom Dedka mraza, v kolikor pa \u017eelite pravljico brez Dedka Mraza se le ta kon\u010da s samostojnim zaklju\u010dkom.<br \/>Predstava traja 25 min in je primerna tako za pred\u0161olske kot \u0161olske otroke razredne stopnje.<\/p><div dir=\"ltr\" style=\"text-align: left;\"><p class=\"v1MsoNormal\"><span style=\"color: #ff0000;\"><span style=\"color: #000000;\"><strong>OTRO\u0160KA PREDSTAVA<\/strong><b>\u00a0 2025 &#8211; &#8220;PRAVLJICA O DVEH VASICAH&#8221;<\/b><\/span><\/span><\/p><p>V de\u017eeli ne tako dale\u010d stran stoji majhen hrib. Ravno tako visok, da se ne vidi preko njega. Na eni strani stoji s soncem obisjana mala vasica z bujnimi zelenimi drevesnimi kro\u0161njami in pisanimi cvetlicami v parku. \u017de od dale\u010d se vidijo lepe, urejene hi\u0161e in \u010diste ulice. Na drugi strani hriba pa sonce ne more prodreti skozi goste oblake dima, ki se vijejo iz sosednje vasice. Ta je tako zanemarjena, da se \u017ee od dale\u010d vidijo kupi smeti, v parku pa stojijo suhe podobe dreves, ki se utapljajo med odpadki. Tako pride dan, ko v tej vasici ni prostora niti za eno smet ve\u010d. Va\u0161\u010dani se zato odlo\u010dijo, da, ko ljudje v sosednji vasici zaspijo, se oni prikradejo vanjo in za\u010dno odlagati smeti v lepo urejeno va\u0161ko ulico. Naslednje jutro se va\u0161\u010dani lepe vasi prebudijo, opazijo kupe smeti in se brez pomislekov lotijo pospravljanja. Zgodba se ponovi vsako no\u010d, dokler prebivalcem lepe vasi ne prekipi. Odlo\u010dijo se, da bodo obiskali svoje sosede ter jim pokazali, kako se ravna z odpadki. \u010ce \u017eelite izvedeti, ali so se va\u0161\u010dani umazane vasice nau\u010dili skrbeti za svoje okolje, se nam pridru\u017eite na predstavi o dveh vasicah.<\/p><div dir=\"ltr\"><div>\u00a0<\/div><\/div><\/div>\t\t\t\t\t\t<\/div>\n\t\t\t\t<\/div>\n\t\t\t\t<div class=\"elementor-element elementor-element-b643a8e elementor-widget elementor-widget-heading\" data-id=\"b643a8e\" data-element_type=\"widget\" data-widget_type=\"heading.default\">\n\t\t\t\t<div class=\"elementor-widget-container\">\n\t\t\t<h2 class=\"elementor-heading-title elementor-size-default\">CENIK:<\/h2>\t\t<\/div>\n\t\t\t\t<\/div>\n\t\t\t\t<div class=\"elementor-element elementor-element-18fb4bc elementor-widget elementor-widget-text-editor\" data-id=\"18fb4bc\" data-element_type=\"widget\" data-widget_type=\"text-editor.default\">\n\t\t\t\t<div class=\"elementor-widget-container\">\n\t\t\t\t\t\t\t<div data-id=\"cced573\" data-element_type=\"column\"><div><div><div data-id=\"1cb48b4\" data-element_type=\"widget\" data-widget_type=\"text-editor.default\"><div><div><p><strong>1.) PLESNA PRAVLJICA Z OBISKOM DEDKA MRAZA <\/strong><br \/>\u00a0\u00a0\u00a0 Za PODJETJA, \u0160OLE, VRTCE, SINDIKATE\u2026<br \/><em>\u2013\u00a0 otro\u0161ka pravljica\u00a0\u00a0\u00a0 20 min<\/em><br \/><em>\u2013 obisk DEDKA MRAZA\u00a0\u00a0 ( dru\u017eenje z Dedkom mrazom in<\/em> obdarovanje).<br \/>CENA:\u00a0\u00a0 \u00a0\u00a0\u00a0\u00a0\u00a0\u00a0\u00a0\u00a0\u00a0 <br \/>\u2013\u00a0 do 50 otrok\u00a0\u00a0\u00a0\u00a0\u00a0\u00a0\u00a0 300,00 eur\u00a0\u00a0\u00a0\u00a0\u00a0\u00a0\u00a0\u00a0\u00a0\u00a0\u00a0\u00a0\u00a0\u00a0\u00a0\u00a0\u00a0\u00a0\u00a0\u00a0\u00a0\u00a0\u00a0\u00a0\u00a0\u00a0\u00a0\u00a0\u00a0\u00a0\u00a0\u00a0\u00a0\u00a0\u00a0<br \/>\u2013 nad 50 otrok\u00a0\u00a0\u00a0\u00a0\u00a0 420,00 eur\u00a0\u00a0\u00a0\u00a0\u00a0\u00a0<br \/><br \/><\/p><p><strong>2.)\u00a0 SAMO OBISK DEDKA MRAZA <\/strong><br \/>Za PODJETJA in POSAMEZNIKE<br \/><em>\u2013 trajanje 45 min<\/em><br \/><em>\u2013 dru\u017eenje z DEDKOM MRAZOM <\/em><br \/><em>\u2013 obdarovanje otrok<br \/><\/em>CENA:<br \/>\u2013 podjetja\u00a0\u00a0\u00a0\u00a0\u00a0\u00a0\u00a0\u00a0\u00a0 180,00 eur<br \/>\u2013 posamezniki\u00a0 120,00 eur<\/p><p><strong>\u00a0ZA dodatne informacije nas pokli\u010dite na 041\/ 684 \u2013 252 ali nam pi\u0161ite na <a href=\"https:\/\/wolfy.si\/index.php\/vprasanje\/\">KLIKNI.<\/a><\/strong><\/p><\/div><\/div><\/div><\/div><\/div><\/div>\t\t\t\t\t\t<\/div>\n\t\t\t\t<\/div>\n\t\t\t\t<div class=\"elementor-element elementor-element-973c112 elementor-widget elementor-widget-heading\" data-id=\"973c112\" data-element_type=\"widget\" data-widget_type=\"heading.default\">\n\t\t\t\t<div class=\"elementor-widget-container\">\n\t\t\t<h2 class=\"elementor-heading-title elementor-size-default\">PREGLEDNICA ZASEDENOSTI december 2025:<\/h2>\t\t<\/div>\n\t\t\t\t<\/div>\n\t\t\t\t<div class=\"elementor-element elementor-element-9fa75a6 elementor-widget__width-initial elementor-widget elementor-widget-text-editor\" data-id=\"9fa75a6\" data-element_type=\"widget\" data-widget_type=\"text-editor.default\">\n\t\t\t\t<div class=\"elementor-widget-container\">\n\t\t\t\t\t\t\t<div data-id=\"cced573\" data-element_type=\"column\"><div><div><div data-id=\"1cb48b4\" data-element_type=\"widget\" data-widget_type=\"text-editor.default\"><p>1.12. PONEDELJEK<br \/>dopoldan: PROSTO<br \/>popoldan:<strong> 17:15\u00a0 JAN\u010cE<\/strong><\/p><p>2.12. TOREK<br \/>dopoldan: PROSTO<br \/>popoldan:<strong> 17:00 SCHNEIDER<\/strong><\/p><\/div><p>4.12. \u010cETRTEK<br \/>dopoldan: PROSTO<br \/>popoldan: <strong>18:00 \u010detrtna skupnost \u0160I\u0160KA<\/strong><\/p><p>5.12. PETEK<br \/>dopoldan: PROSTO<br \/>popoldan: <strong>16:30 prosto<\/strong><\/p><p>6.12. SOBOTA<br \/><strong>dopoldan\/popoldan\u00a0 prosto<\/strong><\/p><\/div><p>7.12.\u00a0 NEDELJA\u00a0 <br \/><strong>dopoldan\/popoldan\u00a0 prosto<\/strong><\/p><\/div><\/div><div><div data-id=\"1cb48b4\" data-element_type=\"widget\" data-widget_type=\"text-editor.default\"><p>8.12.\u00a0 PONEDELJEK<br \/>dopoldan: PROSTO<br \/>popoldan: <strong>17:00 CMEPIUS<\/strong><\/p><p>9.12. TOREK<br \/>dopoldan: <strong>prosto<\/strong><br \/>popoldan: <strong>17:00 biotehni\u0161ka fakulteta &#8211; Dom\u017eale<\/strong><\/p><p>10.12. SREDA<strong><br \/>17:00\u00a0 ZPM VI\u010c<\/strong><\/p><p>11.12. \u010cETRTEK<br \/>dopoldan: PROSTO<br \/>popoldan:\u00a0 <strong>17:30\u00a0 ZPM \u0160I\u0160KA &#8211; Pre\u017eihov Voranc<\/strong><\/p><\/div><p>12.12. PETEK<br \/>dopoldan: prosto<br \/>popoldan:\u00a0 <strong>17:00 ANDRAGO\u0160KI CENTER<\/strong><\/p><p>13.12.\u00a0 SOBOTA<br \/><strong>12:30 CENTRALNA TEHNI\u010cNA KNJI\u017dNICA<br \/>16:00\u00a0 ASIT d.o.o. LJUBLJANA<\/strong><\/p><\/div><p>14.12. NEDELJA\u00a0 <br \/><strong>zasedeno<\/strong><\/p><div><div data-id=\"1cb48b4\" data-element_type=\"widget\" data-widget_type=\"text-editor.default\"><p>15.12. PONEDELJEK<br \/>dopoldan: PROSTO<br \/>popoldan:\u00a0 <strong>17:00 \u0161ola TOMA BREJCA Kamnik<\/strong><\/p><p>16.12. TOREK<br \/>dopoldan: PROSTO<br \/>popoldan: <strong>17:00 ZPM VI\u010c<\/strong><\/p><\/div><p>18.12. \u010cETRTEK<br \/>dopoldan: PROSTO<br \/>popoldan:\u00a0 <strong>17:00 ZPM VI\u010c<\/strong><\/p><p>20.12.\u00a0 SOBOTA<br \/><strong>dopoldan\/popoldan prosto<\/strong><\/p><p>21.12.\u00a0 NEDELJA<br \/><strong>dopoldan: 10:30 KINOTEKA (samo dedek Mraz)<br \/>popoldan: 17:00 DPM LAVRICA<\/strong><\/p><\/div><p>22.12.\u00a0 PONEDELJEK<br \/>dopoldan: PROSTO<br \/>popoldan: <strong>17:00 CENE \u0160TUPAR<br \/><\/strong><br \/>23.12. TOREK<br \/>dopoldan:\u00a0 prosto<br \/>popoldan: <strong>17:00, 18:00 prosto<\/strong><\/p>\t\t\t\t\t\t<\/div>\n\t\t\t\t<\/div>\n\t\t\t\t<div class=\"elementor-element elementor-element-1c7a528 elementor-widget elementor-widget-spacer\" data-id=\"1c7a528\" data-element_type=\"widget\" data-widget_type=\"spacer.default\">\n\t\t\t\t<div class=\"elementor-widget-container\">\n\t\t\t\t\t<div class=\"elementor-spacer\">\n\t\t\t<div class=\"elementor-spacer-inner\"><\/div>\n\t\t<\/div>\n\t\t\t\t<\/div>\n\t\t\t\t<\/div>\n\t\t\t\t<div class=\"elementor-element elementor-element-cfdf7e1 elementor-widget elementor-widget-heading\" data-id=\"cfdf7e1\" data-element_type=\"widget\" data-widget_type=\"heading.default\">\n\t\t\t\t<div class=\"elementor-widget-container\">\n\t\t\t<h2 class=\"elementor-heading-title elementor-size-default\">REZERVACIJA TERMINA<\/h2>\t\t<\/div>\n\t\t\t\t<\/div>\n\t\t\t\t<div class=\"elementor-element elementor-element-5ebb2a6 elementor-widget elementor-widget-wpforms\" data-id=\"5ebb2a6\" data-element_type=\"widget\" data-widget_type=\"wpforms.default\">\n\t\t\t\t<div class=\"elementor-widget-container\">\n\t\t\t<div class=\"wpforms-container wpforms-container-full\" id=\"wpforms-2021\"><form id=\"wpforms-form-2021\" class=\"wpforms-validate wpforms-form\" data-formid=\"2021\" method=\"post\" enctype=\"multipart\/form-data\" action=\"\/index.php\/wp-json\/wp\/v2\/pages\/495\" data-token=\"53df81b8f33ece123de9b24dfd84e7d6\"><noscript class=\"wpforms-error-noscript\">Please enable JavaScript in your browser to complete this form.<\/noscript><div class=\"wpforms-field-container\"><div id=\"wpforms-2021-field_13-container\" class=\"wpforms-field wpforms-field-name\" data-field-id=\"13\"><label class=\"wpforms-field-label\" for=\"wpforms-2021-field_13\">(pravna oseba) NAZIV PODJETJA: <span class=\"wpforms-required-label\">*<\/span><\/label><input type=\"text\" id=\"wpforms-2021-field_13\" class=\"wpforms-field-medium wpforms-field-required\" name=\"wpforms[fields][13]\" required><\/div><div id=\"wpforms-2021-field_14-container\" class=\"wpforms-field wpforms-field-name\" data-field-id=\"14\"><label class=\"wpforms-field-label\" for=\"wpforms-2021-field_14\">Naslov: <span class=\"wpforms-required-label\">*<\/span><\/label><input type=\"text\" id=\"wpforms-2021-field_14\" class=\"wpforms-field-medium wpforms-field-required\" name=\"wpforms[fields][14]\" required><\/div><div id=\"wpforms-2021-field_15-container\" class=\"wpforms-field wpforms-field-name\" data-field-id=\"15\"><label class=\"wpforms-field-label\" for=\"wpforms-2021-field_15\">Dav\u010dna \u0161tevilka: <span class=\"wpforms-required-label\">*<\/span><\/label><input type=\"text\" id=\"wpforms-2021-field_15\" class=\"wpforms-field-small wpforms-field-required\" name=\"wpforms[fields][15]\" required><\/div><div id=\"wpforms-2021-field_16-container\" class=\"wpforms-field wpforms-field-name\" data-field-id=\"16\"><label class=\"wpforms-field-label\" for=\"wpforms-2021-field_16\">kontaktna tel.\u0161t.: <span class=\"wpforms-required-label\">*<\/span><\/label><input type=\"text\" id=\"wpforms-2021-field_16\" class=\"wpforms-field-small wpforms-field-required\" name=\"wpforms[fields][16]\" required><\/div><div id=\"wpforms-2021-field_17-container\" class=\"wpforms-field wpforms-field-name\" data-field-id=\"17\"><label class=\"wpforms-field-label\" for=\"wpforms-2021-field_17\">meil: <span class=\"wpforms-required-label\">*<\/span><\/label><input type=\"text\" id=\"wpforms-2021-field_17\" class=\"wpforms-field-small wpforms-field-required\" name=\"wpforms[fields][17]\" required><\/div><div id=\"wpforms-2021-field_18-container\" class=\"wpforms-field wpforms-field-name\" data-field-id=\"18\"><label class=\"wpforms-field-label\" for=\"wpforms-2021-field_18\">vpi\u0161ite RAZPOLO\u017dLJIVI datum in uro:  <span class=\"wpforms-required-label\">*<\/span><\/label><input type=\"text\" id=\"wpforms-2021-field_18\" class=\"wpforms-field-medium wpforms-field-required\" name=\"wpforms[fields][18]\" required><\/div><div id=\"wpforms-2021-field_21-container\" class=\"wpforms-field wpforms-field-textarea\" data-field-id=\"21\"><label class=\"wpforms-field-label\" for=\"wpforms-2021-field_21\">vpra\u0161ajte nas:<\/label><textarea id=\"wpforms-2021-field_21\" class=\"wpforms-field-medium\" name=\"wpforms[fields][21]\" ><\/textarea><\/div><\/div><!-- .wpforms-field-container --><div class=\"wpforms-submit-container\" ><input type=\"hidden\" name=\"wpforms[id]\" value=\"2021\"><input type=\"hidden\" name=\"wpforms[author]\" value=\"1\"><button type=\"submit\" name=\"wpforms[submit]\" id=\"wpforms-submit-2021\" class=\"wpforms-submit\" data-alt-text=\"Sending...\" data-submit-text=\"PO\u0160LJI\" aria-live=\"assertive\" value=\"wpforms-submit\">PO\u0160LJI<\/button><\/div><\/form><\/div>  <!-- .wpforms-container -->\t\t<\/div>\n\t\t\t\t<\/div>\n\t\t\t\t<div class=\"elementor-element elementor-element-4b8d463 elementor-align-center elementor-widget elementor-widget-button\" data-id=\"4b8d463\" data-element_type=\"widget\" data-widget_type=\"button.default\">\n\t\t\t\t<div class=\"elementor-widget-container\">\n\t\t\t\t\t<div class=\"elementor-button-wrapper\">\n\t\t\t<a class=\"elementor-button elementor-button-link elementor-size-md\" href=\"https:\/\/wolfy.si\/index.php\/vprasanje\/\">\n\t\t\t\t\t\t<span class=\"elementor-button-content-wrapper\">\n\t\t\t\t\t\t<span class=\"elementor-button-text\">PI\u0160ITE NAM<\/span>\n\t\t<\/span>\n\t\t\t\t\t<\/a>\n\t\t<\/div>\n\t\t\t\t<\/div>\n\t\t\t\t<\/div>\n\t\t\t\t\t<\/div>\n\t\t<\/div>\n\t\t\t\t\t<\/div>\n\t\t<\/section>\n\t\t\t\t<section class=\"elementor-section elementor-top-section elementor-element elementor-element-2274dbb elementor-section-content-middle elementor-section-boxed elementor-section-height-default elementor-section-height-default\" data-id=\"2274dbb\" data-element_type=\"section\">\n\t\t\t\t\t\t<div class=\"elementor-container elementor-column-gap-no\">\n\t\t\t\t\t<div class=\"elementor-column elementor-col-100 elementor-top-column elementor-element elementor-element-c0d6e67\" data-id=\"c0d6e67\" data-element_type=\"column\">\n\t\t\t<div class=\"elementor-widget-wrap elementor-element-populated\">\n\t\t\t\t\t\t<div class=\"elementor-element elementor-element-d0518f2 elementor-align-center elementor-widget elementor-widget-button\" data-id=\"d0518f2\" data-element_type=\"widget\" data-widget_type=\"button.default\">\n\t\t\t\t<div class=\"elementor-widget-container\">\n\t\t\t\t\t<div class=\"elementor-button-wrapper\">\n\t\t\t<a class=\"elementor-button elementor-button-link elementor-size-md\" href=\"https:\/\/wolfy.si\/index.php\/galerija\/\">\n\t\t\t\t\t\t<span class=\"elementor-button-content-wrapper\">\n\t\t\t\t\t\t<span class=\"elementor-button-text\">galerija slik<\/span>\n\t\t<\/span>\n\t\t\t\t\t<\/a>\n\t\t<\/div>\n\t\t\t\t<\/div>\n\t\t\t\t<\/div>\n\t\t\t\t\t<\/div>\n\t\t<\/div>\n\t\t\t\t\t<\/div>\n\t\t<\/section>\n\t\t\t\t<\/div>\n\t\t","protected":false},"excerpt":{"rendered":"<p>DEDEK MRAZ DEDEK MRAZ 2025 DEDEK MRAZ in OTRO\u0160KA PRAVLJICA Dodatna popestritev plesne \u0161ole WOLFY je gledali\u0161\u010de\u00a0PRAVLJICA. Vsako leto pripravimo za pred\u0161olske otroke in u\u010dence ni\u017ejih razredov pravljico, ki jo izvajamo v \u010dasu veselega decembra. Posebnost na\u0161ih predstav sta izrazita plesna dinami\u010dnost, lahkotna vsebina in scenska obarvanost. Za seboj imamo \u017ee ve\u010d kot 250 uspe\u0161nih &hellip;<\/p>\n<p class=\"read-more\"> <a class=\"\" href=\"https:\/\/wolfy.si\/index.php\/dedek-mraz\/\"> <span class=\"screen-reader-text\">DEDEK MRAZ 2025<\/span> Read More &raquo;<\/a><\/p>\n","protected":false},"author":1,"featured_media":0,"parent":0,"menu_order":0,"comment_status":"closed","ping_status":"closed","template":"","meta":{"_seopress_robots_primary_cat":"","_seopress_titles_title":"DEDEK MRAZ 2025 - otro\u0161ka predstava in obisk Dedka Mraza","_seopress_titles_desc":"Posebnost na\u0161ih predstav sta izrazita plesna dinami\u010dnost, lahkotna vsebina in scenska obarvanost. Rezervacija termina na: 041\/684-252","_seopress_robots_index":"","_monsterinsights_skip_tracking":false,"_monsterinsights_sitenote_active":false,"_monsterinsights_sitenote_note":"","_monsterinsights_sitenote_category":0,"site-sidebar-layout":"no-sidebar","site-content-layout":"page-builder","ast-global-header-display":"","ast-banner-title-visibility":"","ast-main-header-display":"","ast-hfb-above-header-display":"","ast-hfb-below-header-display":"","ast-hfb-mobile-header-display":"","site-post-title":"disabled","ast-breadcrumbs-content":"disabled","ast-featured-img":"disabled","footer-sml-layout":"","theme-transparent-header-meta":"default","adv-header-id-meta":"","stick-header-meta":"","header-above-stick-meta":"","header-main-stick-meta":"","header-below-stick-meta":"","footnotes":""},"folder":[],"_links":{"self":[{"href":"https:\/\/wolfy.si\/index.php\/wp-json\/wp\/v2\/pages\/495"}],"collection":[{"href":"https:\/\/wolfy.si\/index.php\/wp-json\/wp\/v2\/pages"}],"about":[{"href":"https:\/\/wolfy.si\/index.php\/wp-json\/wp\/v2\/types\/page"}],"author":[{"embeddable":true,"href":"https:\/\/wolfy.si\/index.php\/wp-json\/wp\/v2\/users\/1"}],"replies":[{"embeddable":true,"href":"https:\/\/wolfy.si\/index.php\/wp-json\/wp\/v2\/comments?post=495"}],"version-history":[{"count":551,"href":"https:\/\/wolfy.si\/index.php\/wp-json\/wp\/v2\/pages\/495\/revisions"}],"predecessor-version":[{"id":13366,"href":"https:\/\/wolfy.si\/index.php\/wp-json\/wp\/v2\/pages\/495\/revisions\/13366"}],"wp:attachment":[{"href":"https:\/\/wolfy.si\/index.php\/wp-json\/wp\/v2\/media?parent=495"}],"wp:term":[{"taxonomy":"folder","embeddable":true,"href":"https:\/\/wolfy.si\/index.php\/wp-json\/wp\/v2\/folder?post=495"}],"curies":[{"name":"wp","href":"https:\/\/api.w.org\/{rel}","templated":true}]}}