{"id":510,"date":"2019-10-03T21:12:11","date_gmt":"2019-10-03T20:12:11","guid":{"rendered":"http:\/\/wolfy.geoportal.in\/?page_id=510"},"modified":"2024-12-27T21:49:30","modified_gmt":"2024-12-27T21:49:30","slug":"o-nas","status":"publish","type":"page","link":"https:\/\/wolfy.si\/index.php\/o-nas\/","title":{"rendered":"EKIPA"},"content":{"rendered":"\t\t<div data-elementor-type=\"wp-page\" data-elementor-id=\"510\" class=\"elementor elementor-510\">\n\t\t\t\t\t\t<section class=\"elementor-section elementor-top-section elementor-element elementor-element-584e861 elementor-section-height-min-height elementor-section-content-middle elementor-reverse-mobile elementor-section-boxed elementor-section-height-default elementor-section-items-middle\" data-id=\"584e861\" data-element_type=\"section\" data-settings=\"{&quot;background_background&quot;:&quot;classic&quot;}\">\n\t\t\t\t\t\t\t<div class=\"elementor-background-overlay\"><\/div>\n\t\t\t\t\t\t\t<div class=\"elementor-container elementor-column-gap-no\">\n\t\t\t\t\t<div class=\"elementor-column elementor-col-100 elementor-top-column elementor-element elementor-element-6da90c6\" data-id=\"6da90c6\" data-element_type=\"column\">\n\t\t\t<div class=\"elementor-widget-wrap elementor-element-populated\">\n\t\t\t\t\t\t<div class=\"elementor-element elementor-element-44bc04e elementor-widget elementor-widget-heading\" data-id=\"44bc04e\" data-element_type=\"widget\" data-widget_type=\"heading.default\">\n\t\t\t\t<div class=\"elementor-widget-container\">\n\t\t\t<h1 class=\"elementor-heading-title elementor-size-default\">EKIPA <\/h1>\t\t<\/div>\n\t\t\t\t<\/div>\n\t\t\t\t\t<\/div>\n\t\t<\/div>\n\t\t\t\t\t<\/div>\n\t\t<\/section>\n\t\t\t\t<section class=\"elementor-section elementor-top-section elementor-element elementor-element-020993b elementor-section-content-top elementor-section-boxed elementor-section-height-default elementor-section-height-default\" data-id=\"020993b\" data-element_type=\"section\">\n\t\t\t\t\t\t<div class=\"elementor-container elementor-column-gap-no\">\n\t\t\t\t\t<div class=\"elementor-column elementor-col-50 elementor-top-column elementor-element elementor-element-cced573\" data-id=\"cced573\" data-element_type=\"column\">\n\t\t\t<div class=\"elementor-widget-wrap elementor-element-populated\">\n\t\t\t\t\t\t<div class=\"elementor-element elementor-element-932780e elementor-widget elementor-widget-heading\" data-id=\"932780e\" data-element_type=\"widget\" data-widget_type=\"heading.default\">\n\t\t\t\t<div class=\"elementor-widget-container\">\n\t\t\t<h2 class=\"elementor-heading-title elementor-size-default\">PLESNI U\u010cITELJI  in TRENERJI<\/h2>\t\t<\/div>\n\t\t\t\t<\/div>\n\t\t\t\t<div class=\"elementor-element elementor-element-76b74dd elementor-vertical-align-top elementor-widget elementor-widget-image-box\" data-id=\"76b74dd\" data-element_type=\"widget\" data-widget_type=\"image-box.default\">\n\t\t\t\t<div class=\"elementor-widget-container\">\n\t\t\t<div class=\"elementor-image-box-wrapper\"><div class=\"elementor-image-box-content\"><h3 class=\"elementor-image-box-title\">Damjan Gorjup<\/h3><p class=\"elementor-image-box-description\">- mentor za plesni program pred\u0161olskih otrok\n<br>- in\u0161truktor za vadbo ZUMBE<br>\n- trener in koreograf<br> - vodi treninge JAZZ BALET-a<br>- in\u0161truktor za klasi\u010dni balet odrasli<br>\n- vodi te\u010daje dru\u017eabnih plesov<br>\n- plesni sodnik za moderne tekmovalne plese<\/p><\/div><\/div>\t\t<\/div>\n\t\t\t\t<\/div>\n\t\t\t\t<div class=\"elementor-element elementor-element-b98cb36 elementor-vertical-align-top elementor-widget elementor-widget-image-box\" data-id=\"b98cb36\" data-element_type=\"widget\" data-widget_type=\"image-box.default\">\n\t\t\t\t<div class=\"elementor-widget-container\">\n\t\t\t<div class=\"elementor-image-box-wrapper\"><div class=\"elementor-image-box-content\"><h3 class=\"elementor-image-box-title\">Larisa PO\u010cI\u010c<\/h3><p class=\"elementor-image-box-description\">- vodi te\u010deje za pred\u0161olske otroke<br>\n- vodi treninge JAZZ BALET-a<br>\n- animatorka otro\u0161kih zabav<\/p><\/div><\/div>\t\t<\/div>\n\t\t\t\t<\/div>\n\t\t\t\t<div class=\"elementor-element elementor-element-fcb6b61 elementor-vertical-align-top elementor-widget elementor-widget-image-box\" data-id=\"fcb6b61\" data-element_type=\"widget\" data-widget_type=\"image-box.default\">\n\t\t\t\t<div class=\"elementor-widget-container\">\n\t\t\t<div class=\"elementor-image-box-wrapper\"><div class=\"elementor-image-box-content\"><h3 class=\"elementor-image-box-title\">Tajda Kolenc<\/h3><p class=\"elementor-image-box-description\">- pou\u010duje klasi\u010dni balet za otroke in odrasle<br>- programski mentor za klasi\u010dni balet<\/p><\/div><\/div>\t\t<\/div>\n\t\t\t\t<\/div>\n\t\t\t\t<div class=\"elementor-element elementor-element-3cf006c elementor-vertical-align-top elementor-widget elementor-widget-image-box\" data-id=\"3cf006c\" data-element_type=\"widget\" data-widget_type=\"image-box.default\">\n\t\t\t\t<div class=\"elementor-widget-container\">\n\t\t\t<div class=\"elementor-image-box-wrapper\"><div class=\"elementor-image-box-content\"><h3 class=\"elementor-image-box-title\">Ne\u017ea BANOVEC<\/h3><p class=\"elementor-image-box-description\">- trener  za  sodobni ples<br>- trener Jazz baleta<br>- in\u0161truktor klasi\u010dnega baleta<br> \n- animatorka za otroke<\/p><\/div><\/div>\t\t<\/div>\n\t\t\t\t<\/div>\n\t\t\t\t<div class=\"elementor-element elementor-element-b4290a5 elementor-vertical-align-top elementor-widget elementor-widget-image-box\" data-id=\"b4290a5\" data-element_type=\"widget\" data-widget_type=\"image-box.default\">\n\t\t\t\t<div class=\"elementor-widget-container\">\n\t\t\t<div class=\"elementor-image-box-wrapper\"><div class=\"elementor-image-box-content\"><h3 class=\"elementor-image-box-title\">Jana DEM\u0160AR<\/h3><p class=\"elementor-image-box-description\">- pou\u010duje klasi\u010dni balet za otroke<br>- vodi ter\u010daje dru\u017eabnih plesov<br>- animatorka za otroke<\/p><\/div><\/div>\t\t<\/div>\n\t\t\t\t<\/div>\n\t\t\t\t\t<\/div>\n\t\t<\/div>\n\t\t\t\t<div class=\"elementor-column elementor-col-50 elementor-top-column elementor-element elementor-element-d5ca111\" data-id=\"d5ca111\" data-element_type=\"column\">\n\t\t\t<div class=\"elementor-widget-wrap elementor-element-populated\">\n\t\t\t\t\t\t<div class=\"elementor-element elementor-element-4cec38e elementor-widget elementor-widget-heading\" data-id=\"4cec38e\" data-element_type=\"widget\" data-widget_type=\"heading.default\">\n\t\t\t\t<div class=\"elementor-widget-container\">\n\t\t\t<h2 class=\"elementor-heading-title elementor-size-default\">vizitka PLESNE \u0160OLE:<\/h2>\t\t<\/div>\n\t\t\t\t<\/div>\n\t\t\t\t<div class=\"elementor-element elementor-element-721911d elementor-widget elementor-widget-text-editor\" data-id=\"721911d\" data-element_type=\"widget\" data-widget_type=\"text-editor.default\">\n\t\t\t\t<div class=\"elementor-widget-container\">\n\t\t\t\t\t\t\t<p>Naziv: \u00a0 \u00a0 \u00a0 \u00a0 \u00a0 \u00a0 \u00a0 \u00a0 \u00a0 \u00a0 \u00a0 \u00a0 \u00a0 \u00a0\u00a0<\/p><p><strong>DRU\u0160TVO WOLFY<br \/><\/strong><br \/>Naslov: \u00a0 \u00a0 \u00a0 \u00a0 \u00a0 \u00a0 \u00a0 \u00a0 \u00a0 \u00a0 \u00a0 \u00a0 \u00a0 \u00a0<br \/>PARMOVA 25<br \/>1000 Ljubljana<br \/>Dvorane se nahajajo v ZUPAN\u010cI\u010cEVI JAMI- Neubergerjeva 9, Ljubljana<\/p><p>Mobilni telefon: \u00a0 \u00a0 \u00a0 \u00a0 \u00a0 \u00a0 \u00a0 \u00a0<br \/>041 684 252<\/p><p>Dav\u010dna \u0161t.: \u00a0 \u00a0 \u00a0 \u00a0 \u00a0 \u00a0 \u00a0 \u00a0 \u00a0 \u00a0 \u00a0<br \/>17143900<br \/>TRR pri Delavski hranilnici: \u00a0 \u00a0 \u00a0 \u00a0 \u00a0 \u00a0\u00a0<br \/><strong>SI56\u00a06100\u00a00000\u00a09990\u00a0280<\/strong><\/p>\t\t\t\t\t\t<\/div>\n\t\t\t\t<\/div>\n\t\t\t\t\t<\/div>\n\t\t<\/div>\n\t\t\t\t\t<\/div>\n\t\t<\/section>\n\t\t\t\t<section class=\"elementor-section elementor-top-section elementor-element elementor-element-0c49775 elementor-section-content-middle elementor-section-boxed elementor-section-height-default elementor-section-height-default\" data-id=\"0c49775\" data-element_type=\"section\">\n\t\t\t\t\t\t<div class=\"elementor-container elementor-column-gap-no\">\n\t\t\t\t\t<div class=\"elementor-column elementor-col-100 elementor-top-column elementor-element elementor-element-f6e018f\" data-id=\"f6e018f\" data-element_type=\"column\">\n\t\t\t<div class=\"elementor-widget-wrap\">\n\t\t\t\t\t\t\t<\/div>\n\t\t<\/div>\n\t\t\t\t\t<\/div>\n\t\t<\/section>\n\t\t\t\t<section class=\"elementor-section elementor-top-section elementor-element elementor-element-5d4108b elementor-section-content-middle elementor-section-boxed elementor-section-height-default elementor-section-height-default\" data-id=\"5d4108b\" data-element_type=\"section\" data-settings=\"{&quot;background_background&quot;:&quot;classic&quot;}\">\n\t\t\t\t\t\t<div class=\"elementor-container elementor-column-gap-no\">\n\t\t\t\t\t<div class=\"elementor-column elementor-col-100 elementor-top-column elementor-element elementor-element-5c4da28\" data-id=\"5c4da28\" data-element_type=\"column\">\n\t\t\t<div class=\"elementor-widget-wrap elementor-element-populated\">\n\t\t\t\t\t\t<div class=\"elementor-element elementor-element-8d50c11 elementor-widget elementor-widget-heading\" data-id=\"8d50c11\" data-element_type=\"widget\" data-widget_type=\"heading.default\">\n\t\t\t\t<div class=\"elementor-widget-container\">\n\t\t\t<h2 class=\"elementor-heading-title elementor-size-default\">Novice<\/h2>\t\t<\/div>\n\t\t\t\t<\/div>\n\t\t\t\t<div class=\"elementor-element elementor-element-c241d02 elementor-widget-divider--view-line elementor-widget elementor-widget-divider\" data-id=\"c241d02\" data-element_type=\"widget\" data-widget_type=\"divider.default\">\n\t\t\t\t<div class=\"elementor-widget-container\">\n\t\t\t\t\t<div class=\"elementor-divider\">\n\t\t\t<span class=\"elementor-divider-separator\">\n\t\t\t\t\t\t<\/span>\n\t\t<\/div>\n\t\t\t\t<\/div>\n\t\t\t\t<\/div>\n\t\t\t\t\t<\/div>\n\t\t<\/div>\n\t\t\t\t\t<\/div>\n\t\t<\/section>\n\t\t\t\t<section class=\"elementor-section elementor-top-section elementor-element elementor-element-b61f3a9 elementor-section-boxed elementor-section-height-default elementor-section-height-default\" data-id=\"b61f3a9\" data-element_type=\"section\">\n\t\t\t\t\t\t<div class=\"elementor-container elementor-column-gap-default\">\n\t\t\t\t\t<div class=\"elementor-column elementor-col-100 elementor-top-column elementor-element elementor-element-46fdc38\" data-id=\"46fdc38\" data-element_type=\"column\">\n\t\t\t<div class=\"elementor-widget-wrap elementor-element-populated\">\n\t\t\t\t\t\t<div class=\"elementor-element elementor-element-324ba2a elementor-grid-eael-col-4 elementor-grid-tablet-eael-col-2 elementor-grid-mobile-eael-col-1 elementor-widget elementor-widget-eael-post-grid\" data-id=\"324ba2a\" data-element_type=\"widget\" data-settings=\"{&quot;eael_post_grid_columns&quot;:&quot;eael-col-4&quot;,&quot;eael_post_grid_columns_tablet&quot;:&quot;eael-col-2&quot;,&quot;eael_post_grid_columns_mobile&quot;:&quot;eael-col-1&quot;}\" data-widget_type=\"eael-post-grid.default\">\n\t\t\t\t<div class=\"elementor-widget-container\">\n\t\t\t<div id=\"eael-post-grid-324ba2a\" class=\"eael-post-grid-container\">\n            <div class=\"eael-post-grid eael-post-appender eael-post-appender-324ba2a eael-post-grid-style-default\" data-layout-mode=\"masonry\"><article class=\"eael-grid-post eael-post-grid-column\" data-id=\"1466\">\n        <div class=\"eael-grid-post-holder\">\n            <div class=\"eael-grid-post-holder-inner\"><div class=\"eael-entry-media\"><div class=\"eael-entry-overlay fade-in\"><i class=\"fas fa-long-arrow-alt-right\" aria-hidden=\"true\"><\/i><a href=\"https:\/\/wolfy.si\/index.php\/2026\/04\/17\/porocni-plesni-tecaj-3\/\"><\/a><\/div><div class=\"eael-entry-thumbnail \">\n                <img fetchpriority=\"high\" decoding=\"async\" width=\"906\" height=\"1077\" src=\"https:\/\/wolfy.si\/wp-content\/uploads\/2020\/08\/POROCNI-PLESNI-TECAJ-2.jpg\" class=\"attachment-full size-full wp-image-4781\" alt=\"married dance class\" srcset=\"https:\/\/wolfy.si\/wp-content\/uploads\/2020\/08\/POROCNI-PLESNI-TECAJ-2.jpg 906w, https:\/\/wolfy.si\/wp-content\/uploads\/2020\/08\/POROCNI-PLESNI-TECAJ-2-252x300.jpg 252w, https:\/\/wolfy.si\/wp-content\/uploads\/2020\/08\/POROCNI-PLESNI-TECAJ-2-861x1024.jpg 861w, https:\/\/wolfy.si\/wp-content\/uploads\/2020\/08\/POROCNI-PLESNI-TECAJ-2-768x913.jpg 768w\" sizes=\"(max-width: 906px) 100vw, 906px\" \/>\n            <\/div>\n        <\/div><div class=\"eael-entry-wrapper\"><header class=\"eael-entry-header\"><h5 class=\"eael-entry-title\"><a\n                        class=\"eael-grid-post-link\"\n                        href=\"https:\/\/wolfy.si\/index.php\/2026\/04\/17\/porocni-plesni-tecaj-3\/\"\n                        title=\"PORO\u010cNI PLESNI TE\u010cAJ\">PORO\u010cNI PLESNI TE\u010cAJ<\/a><\/h5><\/header><div class=\"eael-entry-content\">\n                        <div class=\"eael-grid-post-excerpt\"><p>nazaj PORO\u010cNI PLESNI TE\u010cAJ OTVORITVENI PORO\u010cNI PLESBli\u017ea se...<\/p><a\n                            href=\"https:\/\/wolfy.si\/index.php\/2026\/04\/17\/porocni-plesni-tecaj-3\/\"\n                            class=\"eael-post-elements-readmore-btn\">Read More<\/a><\/div>\n                    <\/div><\/div><\/div>\n        <\/div>\n    <\/article><article class=\"eael-grid-post eael-post-grid-column\" data-id=\"1359\">\n        <div class=\"eael-grid-post-holder\">\n            <div class=\"eael-grid-post-holder-inner\"><div class=\"eael-entry-media\"><div class=\"eael-entry-overlay fade-in\"><i class=\"fas fa-long-arrow-alt-right\" aria-hidden=\"true\"><\/i><a href=\"https:\/\/wolfy.si\/index.php\/2026\/04\/07\/poletna-vadba-julij-2026\/\"><\/a><\/div><div class=\"eael-entry-thumbnail \">\n                <img decoding=\"async\" width=\"768\" height=\"1043\" src=\"https:\/\/wolfy.si\/wp-content\/uploads\/2025\/03\/Copy-of-Copy-of-Dance-Made-with-PosterMyWall.jpg\" class=\"attachment-full size-full wp-image-11386\" alt=\"POLETNA VADBA - julij 2026\" srcset=\"https:\/\/wolfy.si\/wp-content\/uploads\/2025\/03\/Copy-of-Copy-of-Dance-Made-with-PosterMyWall.jpg 768w, https:\/\/wolfy.si\/wp-content\/uploads\/2025\/03\/Copy-of-Copy-of-Dance-Made-with-PosterMyWall-221x300.jpg 221w, https:\/\/wolfy.si\/wp-content\/uploads\/2025\/03\/Copy-of-Copy-of-Dance-Made-with-PosterMyWall-754x1024.jpg 754w\" sizes=\"(max-width: 768px) 100vw, 768px\" \/>\n            <\/div>\n        <\/div><div class=\"eael-entry-wrapper\"><header class=\"eael-entry-header\"><h5 class=\"eael-entry-title\"><a\n                        class=\"eael-grid-post-link\"\n                        href=\"https:\/\/wolfy.si\/index.php\/2026\/04\/07\/poletna-vadba-julij-2026\/\"\n                        title=\"POLETNA VADBA JULIJ 2026: zumba , balet in jazz balet\">POLETNA VADBA JULIJ 2026: zumba , balet in jazz balet<\/a><\/h5><\/header><div class=\"eael-entry-content\">\n                        <div class=\"eael-grid-post-excerpt\"><p>POLETNI TRENINGI &#8211; julij 2026 nazaj URNIK poletnih...<\/p><a\n                            href=\"https:\/\/wolfy.si\/index.php\/2026\/04\/07\/poletna-vadba-julij-2026\/\"\n                            class=\"eael-post-elements-readmore-btn\">Read More<\/a><\/div>\n                    <\/div><\/div><\/div>\n        <\/div>\n    <\/article><article class=\"eael-grid-post eael-post-grid-column\" data-id=\"6999\">\n        <div class=\"eael-grid-post-holder\">\n            <div class=\"eael-grid-post-holder-inner\"><div class=\"eael-entry-media\"><div class=\"eael-entry-overlay fade-in\"><i class=\"fas fa-long-arrow-alt-right\" aria-hidden=\"true\"><\/i><a href=\"https:\/\/wolfy.si\/index.php\/2026\/04\/07\/zakljucna-plesna-produkcija-7-junij-2026\/\"><\/a><\/div><div class=\"eael-entry-thumbnail \">\n                <img decoding=\"async\" width=\"1600\" height=\"1067\" src=\"https:\/\/wolfy.si\/wp-content\/uploads\/2023\/08\/IMG-6e8f9f0038effcbcc29d970af645ac16-V.jpg\" class=\"attachment-full size-full wp-image-8058\" alt=\"plesna \u0161ola Wolfy\" srcset=\"https:\/\/wolfy.si\/wp-content\/uploads\/2023\/08\/IMG-6e8f9f0038effcbcc29d970af645ac16-V.jpg 1600w, https:\/\/wolfy.si\/wp-content\/uploads\/2023\/08\/IMG-6e8f9f0038effcbcc29d970af645ac16-V-300x200.jpg 300w, https:\/\/wolfy.si\/wp-content\/uploads\/2023\/08\/IMG-6e8f9f0038effcbcc29d970af645ac16-V-1024x683.jpg 1024w, https:\/\/wolfy.si\/wp-content\/uploads\/2023\/08\/IMG-6e8f9f0038effcbcc29d970af645ac16-V-768x512.jpg 768w, https:\/\/wolfy.si\/wp-content\/uploads\/2023\/08\/IMG-6e8f9f0038effcbcc29d970af645ac16-V-1536x1024.jpg 1536w\" sizes=\"(max-width: 1600px) 100vw, 1600px\" \/>\n            <\/div>\n        <\/div><div class=\"eael-entry-wrapper\"><header class=\"eael-entry-header\"><h5 class=\"eael-entry-title\"><a\n                        class=\"eael-grid-post-link\"\n                        href=\"https:\/\/wolfy.si\/index.php\/2026\/04\/07\/zakljucna-plesna-produkcija-7-junij-2026\/\"\n                        title=\"ZAKLJU\u010cNA PLESNA PRODUKCIJA &#8211; 7.junij 2026\">ZAKLJU\u010cNA PLESNA PRODUKCIJA &#8211; 7.junij 2026<\/a><\/h5><\/header><div class=\"eael-entry-content\">\n                        <div class=\"eael-grid-post-excerpt\"><p>ZAKLJU\u010cNA PRODUKCIJA nazaj NEDELJA 7.6. 2026 Spo\u0161tovani, vabimo...<\/p><a\n                            href=\"https:\/\/wolfy.si\/index.php\/2026\/04\/07\/zakljucna-plesna-produkcija-7-junij-2026\/\"\n                            class=\"eael-post-elements-readmore-btn\">Read More<\/a><\/div>\n                    <\/div><\/div><\/div>\n        <\/div>\n    <\/article><\/div>\n            <div class=\"clearfix\"><\/div>\n        <\/div>\t\t<\/div>\n\t\t\t\t<\/div>\n\t\t\t\t\t<\/div>\n\t\t<\/div>\n\t\t\t\t\t<\/div>\n\t\t<\/section>\n\t\t\t\t<\/div>\n\t\t","protected":false},"excerpt":{"rendered":"<p>EKIPA PLESNI U\u010cITELJI in TRENERJI Damjan Gorjup &#8211; mentor za plesni program pred\u0161olskih otrok &#8211; in\u0161truktor za vadbo ZUMBE &#8211; trener in koreograf &#8211; vodi treninge JAZZ BALET-a&#8211; in\u0161truktor za klasi\u010dni balet odrasli &#8211; vodi te\u010daje dru\u017eabnih plesov &#8211; plesni sodnik za moderne tekmovalne plese Larisa PO\u010cI\u010c &#8211; vodi te\u010deje za pred\u0161olske otroke &#8211; vodi &hellip;<\/p>\n<p class=\"read-more\"> <a class=\"\" href=\"https:\/\/wolfy.si\/index.php\/2026\/04\/07\/zakljucna-plesna-produkcija-7-junij-2026\/\"> <span class=\"screen-reader-text\">ZAKLJU\u010cNA PLESNA PRODUKCIJA &#8211; 7.junij 2026<\/span> Read More &raquo;<\/a><\/p>\n","protected":false},"author":1,"featured_media":0,"parent":0,"menu_order":0,"comment_status":"closed","ping_status":"closed","template":"","meta":{"_seopress_robots_primary_cat":"","_seopress_titles_title":"PLESNI U\u010cITELJI in TRENERJI v plesni \u0161oli Wolfy","_seopress_titles_desc":" Poskrbimo za dobro po\u010dutje na na\u0161ih te\u010dajih, treningih in rekreativnih vadbah za odrasle. Svoje znanje in izku\u0161nje delimo z vami.","_seopress_robots_index":"","_monsterinsights_skip_tracking":false,"_monsterinsights_sitenote_active":false,"_monsterinsights_sitenote_note":"","_monsterinsights_sitenote_category":0,"site-sidebar-layout":"no-sidebar","site-content-layout":"page-builder","ast-global-header-display":"","ast-banner-title-visibility":"","ast-main-header-display":"","ast-hfb-above-header-display":"","ast-hfb-below-header-display":"","ast-hfb-mobile-header-display":"","site-post-title":"disabled","ast-breadcrumbs-content":"disabled","ast-featured-img":"disabled","footer-sml-layout":"","theme-transparent-header-meta":"default","adv-header-id-meta":"","stick-header-meta":"","header-above-stick-meta":"","header-main-stick-meta":"","header-below-stick-meta":"","footnotes":""},"folder":[],"_links":{"self":[{"href":"https:\/\/wolfy.si\/index.php\/wp-json\/wp\/v2\/pages\/510"}],"collection":[{"href":"https:\/\/wolfy.si\/index.php\/wp-json\/wp\/v2\/pages"}],"about":[{"href":"https:\/\/wolfy.si\/index.php\/wp-json\/wp\/v2\/types\/page"}],"author":[{"embeddable":true,"href":"https:\/\/wolfy.si\/index.php\/wp-json\/wp\/v2\/users\/1"}],"replies":[{"embeddable":true,"href":"https:\/\/wolfy.si\/index.php\/wp-json\/wp\/v2\/comments?post=510"}],"version-history":[{"count":55,"href":"https:\/\/wolfy.si\/index.php\/wp-json\/wp\/v2\/pages\/510\/revisions"}],"predecessor-version":[{"id":10934,"href":"https:\/\/wolfy.si\/index.php\/wp-json\/wp\/v2\/pages\/510\/revisions\/10934"}],"wp:attachment":[{"href":"https:\/\/wolfy.si\/index.php\/wp-json\/wp\/v2\/media?parent=510"}],"wp:term":[{"taxonomy":"folder","embeddable":true,"href":"https:\/\/wolfy.si\/index.php\/wp-json\/wp\/v2\/folder?post=510"}],"curies":[{"name":"wp","href":"https:\/\/api.w.org\/{rel}","templated":true}]}}