{"id":517,"date":"2019-10-03T21:31:50","date_gmt":"2019-10-03T20:31:50","guid":{"rendered":"http:\/\/wolfy.geoportal.in\/?page_id=517"},"modified":"2025-09-25T16:39:59","modified_gmt":"2025-09-25T15:39:59","slug":"individualno-ucenje","status":"publish","type":"page","link":"https:\/\/wolfy.si\/index.php\/individualno-ucenje\/","title":{"rendered":"individualno ucenje"},"content":{"rendered":"\t\t<div data-elementor-type=\"wp-page\" data-elementor-id=\"517\" class=\"elementor elementor-517\">\n\t\t\t\t\t\t<section class=\"elementor-section elementor-top-section elementor-element elementor-element-584e861 elementor-section-height-min-height elementor-section-content-middle elementor-reverse-mobile elementor-section-boxed elementor-section-height-default elementor-section-items-middle\" data-id=\"584e861\" data-element_type=\"section\" data-settings=\"{&quot;background_background&quot;:&quot;classic&quot;}\">\n\t\t\t\t\t\t\t<div class=\"elementor-background-overlay\"><\/div>\n\t\t\t\t\t\t\t<div class=\"elementor-container elementor-column-gap-no\">\n\t\t\t\t\t<div class=\"elementor-column elementor-col-100 elementor-top-column elementor-element elementor-element-6da90c6\" data-id=\"6da90c6\" data-element_type=\"column\">\n\t\t\t<div class=\"elementor-widget-wrap elementor-element-populated\">\n\t\t\t\t\t\t<div class=\"elementor-element elementor-element-44bc04e elementor-widget elementor-widget-heading\" data-id=\"44bc04e\" data-element_type=\"widget\" data-widget_type=\"heading.default\">\n\t\t\t\t<div class=\"elementor-widget-container\">\n\t\t\t<h1 class=\"elementor-heading-title elementor-size-default\">INDIVIDUALNO U\u010cENJE<\/h1>\t\t<\/div>\n\t\t\t\t<\/div>\n\t\t\t\t\t<\/div>\n\t\t<\/div>\n\t\t\t\t\t<\/div>\n\t\t<\/section>\n\t\t\t\t<section class=\"elementor-section elementor-top-section elementor-element elementor-element-020993b elementor-section-content-top elementor-section-boxed elementor-section-height-default elementor-section-height-default\" data-id=\"020993b\" data-element_type=\"section\">\n\t\t\t\t\t\t<div class=\"elementor-container elementor-column-gap-no\">\n\t\t\t\t\t<div class=\"elementor-column elementor-col-100 elementor-top-column elementor-element elementor-element-cced573\" data-id=\"cced573\" data-element_type=\"column\">\n\t\t\t<div class=\"elementor-widget-wrap elementor-element-populated\">\n\t\t\t\t\t\t<div class=\"elementor-element elementor-element-932780e elementor-widget elementor-widget-heading\" data-id=\"932780e\" data-element_type=\"widget\" data-widget_type=\"heading.default\">\n\t\t\t\t<div class=\"elementor-widget-container\">\n\t\t\t<h2 class=\"elementor-heading-title elementor-size-default\">INDIVIDUALNO ure nudimo za:<\/h2>\t\t<\/div>\n\t\t\t\t<\/div>\n\t\t\t\t<div class=\"elementor-element elementor-element-1cb48b4 elementor-widget elementor-widget-text-editor\" data-id=\"1cb48b4\" data-element_type=\"widget\" data-widget_type=\"text-editor.default\">\n\t\t\t\t<div class=\"elementor-widget-container\">\n\t\t\t\t\t\t\t<p><strong><span style=\"color: #ff0000;\">*DRU\u017dABNE PLESE:<br \/><\/span><\/strong>-Dunajski val\u010dek<br \/>&#8211; Angle\u0161ki val\u010dek<br \/>&#8211; Tango<br \/>&#8211; Samba<br \/>&#8211; Rumba<br \/>&#8211; Foxtrot<br \/>&#8211; Disco swing, Disco hustle<br \/>&#8211; Jive<br \/>&#8211; Cha cha<br \/>&#8211; Slow Fox<br \/><strong><span style=\"color: #ff0000;\">* SALSA<\/span><\/strong><br \/><strong><span style=\"color: #ff0000;\">*KLASI\u010cNI BALET<br \/>* JAZZ BALET<br \/>*SODOBNA PLESNA TEHNIKA<br \/><\/span><\/strong><\/p><p><strong><span style=\"color: #000080;\">Cena individualne ure<\/span><\/strong> <br \/>( 60 min ) zna\u0161a:<br \/>&#8211; 50 \u20ac na par <br \/>&#8211; 35 \u20ac na osebo (za \u010dlane dru\u0161tva).<br \/>&#8211;\u00a0 40 \u20ac na osebo (za ne\u010dlane dru\u0161tva).<\/p><p>Za rezervacijo temina pokli\u010dite na na\u0161o kontaktno tel. \u0161t. : <br \/>041\/684 252 ali nam pi\u0161ite na meil.<\/p>\t\t\t\t\t\t<\/div>\n\t\t\t\t<\/div>\n\t\t\t\t\t<\/div>\n\t\t<\/div>\n\t\t\t\t\t<\/div>\n\t\t<\/section>\n\t\t\t\t<section class=\"elementor-section elementor-top-section elementor-element elementor-element-0c49775 elementor-section-content-middle elementor-section-boxed elementor-section-height-default elementor-section-height-default\" data-id=\"0c49775\" data-element_type=\"section\">\n\t\t\t\t\t\t<div class=\"elementor-container elementor-column-gap-no\">\n\t\t\t\t\t<div class=\"elementor-column elementor-col-100 elementor-top-column elementor-element elementor-element-ce4ba4c\" data-id=\"ce4ba4c\" data-element_type=\"column\">\n\t\t\t<div class=\"elementor-widget-wrap elementor-element-populated\">\n\t\t\t\t\t\t<div class=\"elementor-element elementor-element-1cf8d47 elementor-widget elementor-widget-menu-anchor\" data-id=\"1cf8d47\" data-element_type=\"widget\" data-widget_type=\"menu-anchor.default\">\n\t\t\t\t<div class=\"elementor-widget-container\">\n\t\t\t\t\t<div id=\"prijavnica\" class=\"elementor-menu-anchor\"><\/div>\n\t\t\t\t<\/div>\n\t\t\t\t<\/div>\n\t\t\t\t<div class=\"elementor-element elementor-element-eae9165 elementor-widget elementor-widget-heading\" data-id=\"eae9165\" data-element_type=\"widget\" data-widget_type=\"heading.default\">\n\t\t\t\t<div class=\"elementor-widget-container\">\n\t\t\t<h2 class=\"elementor-heading-title elementor-size-default\">PRIJAVA<\/h2>\t\t<\/div>\n\t\t\t\t<\/div>\n\t\t\t\t<div class=\"elementor-element elementor-element-24c6317 elementor-widget elementor-widget-wpforms\" data-id=\"24c6317\" data-element_type=\"widget\" data-widget_type=\"wpforms.default\">\n\t\t\t\t<div class=\"elementor-widget-container\">\n\t\t\t<div class=\"wpforms-container wpforms-container-full\" id=\"wpforms-6463\"><form id=\"wpforms-form-6463\" class=\"wpforms-validate wpforms-form\" data-formid=\"6463\" method=\"post\" enctype=\"multipart\/form-data\" action=\"\/index.php\/wp-json\/wp\/v2\/pages\/517\" data-token=\"f575a5ca292cc2ce21d90bde2c11202f\"><noscript class=\"wpforms-error-noscript\">Please enable JavaScript in your browser to complete this form.<\/noscript><div class=\"wpforms-field-container\"><div id=\"wpforms-6463-field_5-container\" class=\"wpforms-field wpforms-field-name\" data-field-id=\"5\"><label class=\"wpforms-field-label\" for=\"wpforms-6463-field_5\">Ime in Priimek \u010dlana\/\u010dlanice: <span class=\"wpforms-required-label\">*<\/span><\/label><div class=\"wpforms-field-row wpforms-field-large\"><div class=\"wpforms-field-row-block wpforms-first wpforms-one-half\"><input type=\"text\" id=\"wpforms-6463-field_5\" class=\"wpforms-field-name-first wpforms-field-required\" name=\"wpforms[fields][5][first]\" placeholder=\"Ime\" required><label for=\"wpforms-6463-field_5\" class=\"wpforms-field-sublabel after wpforms-sublabel-hide\">First<\/label><\/div><div class=\"wpforms-field-row-block wpforms-one-half\"><input type=\"text\" id=\"wpforms-6463-field_5-last\" class=\"wpforms-field-name-last wpforms-field-required\" name=\"wpforms[fields][5][last]\" placeholder=\"Priimek\" required><label for=\"wpforms-6463-field_5-last\" class=\"wpforms-field-sublabel after wpforms-sublabel-hide\">Last<\/label><\/div><\/div><\/div><div id=\"wpforms-6463-field_49-container\" class=\"wpforms-field wpforms-field-name\" data-field-id=\"49\"><label class=\"wpforms-field-label\" for=\"wpforms-6463-field_49\">IME IN PRIIMEK STAR\u0160A oz ZAKONITEGA ZASTOPNIKA \u010dlana\/\u010dlanice dru\u0161tva Wolfy (v kolikor je ta mladoleten) <span class=\"wpforms-required-label\">*<\/span><\/label><div class=\"wpforms-field-row wpforms-field-large\"><div class=\"wpforms-field-row-block wpforms-first wpforms-one-half\"><input type=\"text\" id=\"wpforms-6463-field_49\" class=\"wpforms-field-name-first wpforms-field-required\" name=\"wpforms[fields][49][first]\" placeholder=\"Ime\" required><label for=\"wpforms-6463-field_49\" class=\"wpforms-field-sublabel after wpforms-sublabel-hide\">First<\/label><\/div><div class=\"wpforms-field-row-block wpforms-one-half\"><input type=\"text\" id=\"wpforms-6463-field_49-last\" class=\"wpforms-field-name-last wpforms-field-required\" name=\"wpforms[fields][49][last]\" placeholder=\"Priimek\" required><label for=\"wpforms-6463-field_49-last\" class=\"wpforms-field-sublabel after wpforms-sublabel-hide\">Last<\/label><\/div><\/div><\/div><div id=\"wpforms-6463-field_6-container\" class=\"wpforms-field wpforms-field-text\" data-field-id=\"6\"><label class=\"wpforms-field-label\" for=\"wpforms-6463-field_6\">Naslov \u010dlana\/\u010dlanice: <span class=\"wpforms-required-label\">*<\/span><\/label><input type=\"text\" id=\"wpforms-6463-field_6\" class=\"wpforms-field-large wpforms-field-required\" name=\"wpforms[fields][6]\" required><\/div><div id=\"wpforms-6463-field_7-container\" class=\"wpforms-field wpforms-field-text\" data-field-id=\"7\"><label class=\"wpforms-field-label\" for=\"wpforms-6463-field_7\">Po\u0161tna \u0161tevilka in kraj \u010dlana\/ \u010dlanice: <span class=\"wpforms-required-label\">*<\/span><\/label><input type=\"text\" id=\"wpforms-6463-field_7\" class=\"wpforms-field-large wpforms-field-required\" name=\"wpforms[fields][7]\" required><\/div><div id=\"wpforms-6463-field_8-container\" class=\"wpforms-field wpforms-field-text\" data-field-id=\"8\"><label class=\"wpforms-field-label\" for=\"wpforms-6463-field_8\">Rojstni podatki \u010dlana\/\u010dlanice: <span class=\"wpforms-required-label\">*<\/span><\/label><input type=\"text\" id=\"wpforms-6463-field_8\" class=\"wpforms-field-large wpforms-field-required\" name=\"wpforms[fields][8]\" required><\/div><div id=\"wpforms-6463-field_9-container\" class=\"wpforms-field wpforms-field-text\" data-field-id=\"9\"><label class=\"wpforms-field-label\" for=\"wpforms-6463-field_9\">Telefonska \u0161tevilka \u010dlana\/\u010dlanice: <span class=\"wpforms-required-label\">*<\/span><\/label><input type=\"text\" id=\"wpforms-6463-field_9\" class=\"wpforms-field-large wpforms-field-required\" name=\"wpforms[fields][9]\" required><\/div><div id=\"wpforms-6463-field_11-container\" class=\"wpforms-field wpforms-field-email\" data-field-id=\"11\"><label class=\"wpforms-field-label\" for=\"wpforms-6463-field_11\">E-Po\u0161ta za po\u0161iljanje obvestil\/ra\u010dunov: <span class=\"wpforms-required-label\">*<\/span><\/label><input type=\"email\" id=\"wpforms-6463-field_11\" class=\"wpforms-field-medium wpforms-field-required\" name=\"wpforms[fields][11]\" spellcheck=\"false\" required><\/div><div id=\"wpforms-6463-field_2-container\" class=\"wpforms-field wpforms-field-select wpforms-one-half wpforms-first wpforms-field-select-style-classic\" data-field-id=\"2\"><label class=\"wpforms-field-label\" for=\"wpforms-6463-field_2\">Vpisujem se v INDIVIDUALNE URE <span class=\"wpforms-required-label\">*<\/span><\/label><select id=\"wpforms-6463-field_2\" class=\"wpforms-field-large wpforms-field-required\" name=\"wpforms[fields][2]\" required=\"required\"><option value=\"dru\u017eabni plesi\"  selected='selected'>dru\u017eabni plesi<\/option><option value=\"salsa\" >salsa<\/option><option value=\"jazz balet\" >jazz balet<\/option><option value=\"sodobni ples\" >sodobni ples<\/option><option value=\"klasi\u010dni balet\" >klasi\u010dni balet<\/option><\/select><\/div><div id=\"wpforms-6463-field_16-container\" class=\"wpforms-field wpforms-field-checkbox\" data-field-id=\"16\"><label class=\"wpforms-field-label\" for=\"wpforms-6463-field_16\">Ra\u010duni <span class=\"wpforms-required-label\">*<\/span><\/label><ul id=\"wpforms-6463-field_16\" class=\"wpforms-field-required\"><li class=\"choice-1 depth-1\"><input type=\"checkbox\" id=\"wpforms-6463-field_16_1\" name=\"wpforms[fields][16][]\" value=\"ra\u010dun \u017eelim prejemati  na el. naslov\" required ><label class=\"wpforms-field-label-inline\" for=\"wpforms-6463-field_16_1\">ra\u010dun \u017eelim prejemati  na el. naslov<\/label><\/li><li class=\"choice-2 depth-1\"><input type=\"checkbox\" id=\"wpforms-6463-field_16_2\" name=\"wpforms[fields][16][]\" value=\"ra\u010dun \u017eelim prejemati po po\u0161ti\" required ><label class=\"wpforms-field-label-inline\" for=\"wpforms-6463-field_16_2\">ra\u010dun \u017eelim prejemati po po\u0161ti<\/label><\/li><\/ul><\/div><div id=\"wpforms-6463-field_15-container\" class=\"wpforms-field wpforms-field-checkbox\" data-field-id=\"15\"><label class=\"wpforms-field-label\" for=\"wpforms-6463-field_15\">Varovanje podatkov <span class=\"wpforms-required-label\">*<\/span><\/label><ul id=\"wpforms-6463-field_15\" class=\"wpforms-field-required\"><li class=\"choice-1 depth-1\"><input type=\"checkbox\" id=\"wpforms-6463-field_15_1\" name=\"wpforms[fields][15][]\" value=\"Strinjam se s pogoji\" required ><label class=\"wpforms-field-label-inline\" for=\"wpforms-6463-field_15_1\">Strinjam se s pogoji<\/label><\/li><\/ul><div class=\"wpforms-field-description\">Preberite jih lahko <a href=\"https:\/\/wolfy.si\/index.php\/pogoji\/\">tukaj<\/a>.<\/div><\/div><div id=\"wpforms-6463-field_61-container\" class=\"wpforms-field wpforms-field-textarea\" data-field-id=\"61\"><label class=\"wpforms-field-label\" for=\"wpforms-6463-field_61\">VPRA\u0160AJTE NAS:<\/label><textarea id=\"wpforms-6463-field_61\" class=\"wpforms-field-medium\" name=\"wpforms[fields][61]\" ><\/textarea><\/div><\/div><!-- .wpforms-field-container --><div class=\"wpforms-field wpforms-field-hp\"><label for=\"wpforms-6463-field-hp\" class=\"wpforms-field-label\">Phone<\/label><input type=\"text\" name=\"wpforms[hp]\" id=\"wpforms-6463-field-hp\" class=\"wpforms-field-medium\"><\/div><div class=\"wpforms-recaptcha-container wpforms-is-recaptcha wpforms-is-recaptcha-type-v2\" ><div class=\"g-recaptcha\" data-sitekey=\"6LeXlcQZAAAAAFqc0IjrcP5zricea0F3B7fqwNcU\"><\/div><input type=\"text\" name=\"g-recaptcha-hidden\" class=\"wpforms-recaptcha-hidden\" style=\"position:absolute!important;clip:rect(0,0,0,0)!important;height:1px!important;width:1px!important;border:0!important;overflow:hidden!important;padding:0!important;margin:0!important;\" data-rule-recaptcha=\"1\"><\/div><div class=\"wpforms-submit-container\" ><input type=\"hidden\" name=\"wpforms[id]\" value=\"6463\"><input type=\"hidden\" name=\"wpforms[author]\" value=\"1\"><button type=\"submit\" name=\"wpforms[submit]\" id=\"wpforms-submit-6463\" class=\"wpforms-submit\" data-alt-text=\"Po\u0161iljam ...\" data-submit-text=\"Po\u0161lji\" aria-live=\"assertive\" value=\"wpforms-submit\">Po\u0161lji<\/button><\/div><\/form><\/div>  <!-- .wpforms-container -->\t\t<\/div>\n\t\t\t\t<\/div>\n\t\t\t\t<div class=\"elementor-element elementor-element-92569f6 elementor-widget-divider--view-line elementor-widget elementor-widget-divider\" data-id=\"92569f6\" data-element_type=\"widget\" data-widget_type=\"divider.default\">\n\t\t\t\t<div class=\"elementor-widget-container\">\n\t\t\t\t\t<div class=\"elementor-divider\">\n\t\t\t<span class=\"elementor-divider-separator\">\n\t\t\t\t\t\t<\/span>\n\t\t<\/div>\n\t\t\t\t<\/div>\n\t\t\t\t<\/div>\n\t\t\t\t\t<\/div>\n\t\t<\/div>\n\t\t\t\t\t<\/div>\n\t\t<\/section>\n\t\t\t\t<section class=\"elementor-section elementor-top-section elementor-element elementor-element-5d4108b elementor-section-content-middle elementor-section-boxed elementor-section-height-default elementor-section-height-default\" data-id=\"5d4108b\" data-element_type=\"section\" data-settings=\"{&quot;background_background&quot;:&quot;classic&quot;}\">\n\t\t\t\t\t\t<div class=\"elementor-container elementor-column-gap-no\">\n\t\t\t\t\t<div class=\"elementor-column elementor-col-100 elementor-top-column elementor-element elementor-element-5c4da28\" data-id=\"5c4da28\" data-element_type=\"column\">\n\t\t\t<div class=\"elementor-widget-wrap elementor-element-populated\">\n\t\t\t\t\t\t<div class=\"elementor-element elementor-element-8d50c11 elementor-widget elementor-widget-heading\" data-id=\"8d50c11\" data-element_type=\"widget\" data-widget_type=\"heading.default\">\n\t\t\t\t<div class=\"elementor-widget-container\">\n\t\t\t<h2 class=\"elementor-heading-title elementor-size-default\">Novice<\/h2>\t\t<\/div>\n\t\t\t\t<\/div>\n\t\t\t\t<div class=\"elementor-element elementor-element-c241d02 elementor-widget-divider--view-line elementor-widget elementor-widget-divider\" data-id=\"c241d02\" data-element_type=\"widget\" data-widget_type=\"divider.default\">\n\t\t\t\t<div class=\"elementor-widget-container\">\n\t\t\t\t\t<div class=\"elementor-divider\">\n\t\t\t<span class=\"elementor-divider-separator\">\n\t\t\t\t\t\t<\/span>\n\t\t<\/div>\n\t\t\t\t<\/div>\n\t\t\t\t<\/div>\n\t\t\t\t<div class=\"elementor-element elementor-element-e08ce55 elementor-grid-eael-col-4 elementor-grid-tablet-eael-col-2 elementor-grid-mobile-eael-col-1 elementor-widget elementor-widget-eael-post-grid\" data-id=\"e08ce55\" data-element_type=\"widget\" data-settings=\"{&quot;eael_post_grid_columns&quot;:&quot;eael-col-4&quot;,&quot;eael_post_grid_columns_tablet&quot;:&quot;eael-col-2&quot;,&quot;eael_post_grid_columns_mobile&quot;:&quot;eael-col-1&quot;}\" data-widget_type=\"eael-post-grid.default\">\n\t\t\t\t<div class=\"elementor-widget-container\">\n\t\t\t<div id=\"eael-post-grid-e08ce55\" class=\"eael-post-grid-container\">\n            <div class=\"eael-post-grid eael-post-appender eael-post-appender-e08ce55 eael-post-grid-style-default\" data-layout-mode=\"masonry\"><article class=\"eael-grid-post eael-post-grid-column\" data-id=\"1466\">\n        <div class=\"eael-grid-post-holder\">\n            <div class=\"eael-grid-post-holder-inner\"><div class=\"eael-entry-media\"><div class=\"eael-entry-overlay fade-in\"><i class=\"fas fa-long-arrow-alt-right\" aria-hidden=\"true\"><\/i><a href=\"https:\/\/wolfy.si\/index.php\/2026\/04\/17\/porocni-plesni-tecaj-3\/\"><\/a><\/div><div class=\"eael-entry-thumbnail \">\n                <img fetchpriority=\"high\" decoding=\"async\" width=\"906\" height=\"1077\" src=\"https:\/\/wolfy.si\/wp-content\/uploads\/2020\/08\/POROCNI-PLESNI-TECAJ-2.jpg\" class=\"attachment-full size-full wp-image-4781\" alt=\"married dance class\" srcset=\"https:\/\/wolfy.si\/wp-content\/uploads\/2020\/08\/POROCNI-PLESNI-TECAJ-2.jpg 906w, https:\/\/wolfy.si\/wp-content\/uploads\/2020\/08\/POROCNI-PLESNI-TECAJ-2-252x300.jpg 252w, https:\/\/wolfy.si\/wp-content\/uploads\/2020\/08\/POROCNI-PLESNI-TECAJ-2-861x1024.jpg 861w, https:\/\/wolfy.si\/wp-content\/uploads\/2020\/08\/POROCNI-PLESNI-TECAJ-2-768x913.jpg 768w\" sizes=\"(max-width: 906px) 100vw, 906px\" \/>\n            <\/div>\n        <\/div><div class=\"eael-entry-wrapper\"><header class=\"eael-entry-header\"><h1 class=\"eael-entry-title\"><a\n                        class=\"eael-grid-post-link\"\n                        href=\"https:\/\/wolfy.si\/index.php\/2026\/04\/17\/porocni-plesni-tecaj-3\/\"\n                        title=\"PORO\u010cNI PLESNI TE\u010cAJ\"><\/a><\/h1><\/header><div class=\"eael-entry-content\">\n                        <div class=\"eael-grid-post-excerpt\"><p>nazaj PORO\u010cNI PLESNI TE\u010cAJ OTVORITVENI PORO\u010cNI PLESBli\u017ea se \u010das, ko...<\/p><a\n                            href=\"https:\/\/wolfy.si\/index.php\/2026\/04\/17\/porocni-plesni-tecaj-3\/\"\n                            class=\"eael-post-elements-readmore-btn\">Read More<\/a><\/div>\n                    <\/div><div class=\"eael-entry-footer\"><div class=\"eael-entry-meta\"><\/div><\/div><\/div><\/div>\n        <\/div>\n    <\/article><article class=\"eael-grid-post eael-post-grid-column\" data-id=\"1359\">\n        <div class=\"eael-grid-post-holder\">\n            <div class=\"eael-grid-post-holder-inner\"><div class=\"eael-entry-media\"><div class=\"eael-entry-overlay fade-in\"><i class=\"fas fa-long-arrow-alt-right\" aria-hidden=\"true\"><\/i><a href=\"https:\/\/wolfy.si\/index.php\/2026\/04\/07\/poletna-vadba-julij-2026\/\"><\/a><\/div><div class=\"eael-entry-thumbnail \">\n                <img decoding=\"async\" width=\"768\" height=\"1043\" src=\"https:\/\/wolfy.si\/wp-content\/uploads\/2025\/03\/Copy-of-Copy-of-Dance-Made-with-PosterMyWall.jpg\" class=\"attachment-full size-full wp-image-11386\" alt=\"POLETNA VADBA - julij 2026\" srcset=\"https:\/\/wolfy.si\/wp-content\/uploads\/2025\/03\/Copy-of-Copy-of-Dance-Made-with-PosterMyWall.jpg 768w, https:\/\/wolfy.si\/wp-content\/uploads\/2025\/03\/Copy-of-Copy-of-Dance-Made-with-PosterMyWall-221x300.jpg 221w, https:\/\/wolfy.si\/wp-content\/uploads\/2025\/03\/Copy-of-Copy-of-Dance-Made-with-PosterMyWall-754x1024.jpg 754w\" sizes=\"(max-width: 768px) 100vw, 768px\" \/>\n            <\/div>\n        <\/div><div class=\"eael-entry-wrapper\"><header class=\"eael-entry-header\"><h1 class=\"eael-entry-title\"><a\n                        class=\"eael-grid-post-link\"\n                        href=\"https:\/\/wolfy.si\/index.php\/2026\/04\/07\/poletna-vadba-julij-2026\/\"\n                        title=\"POLETNA VADBA JULIJ 2026: zumba , balet in jazz balet\"><\/a><\/h1><\/header><div class=\"eael-entry-content\">\n                        <div class=\"eael-grid-post-excerpt\"><p>POLETNI TRENINGI &#8211; julij 2026 nazaj URNIK poletnih treningov &#8211;...<\/p><a\n                            href=\"https:\/\/wolfy.si\/index.php\/2026\/04\/07\/poletna-vadba-julij-2026\/\"\n                            class=\"eael-post-elements-readmore-btn\">Read More<\/a><\/div>\n                    <\/div><div class=\"eael-entry-footer\"><div class=\"eael-entry-meta\"><\/div><\/div><\/div><\/div>\n        <\/div>\n    <\/article><article class=\"eael-grid-post eael-post-grid-column\" data-id=\"6999\">\n        <div class=\"eael-grid-post-holder\">\n            <div class=\"eael-grid-post-holder-inner\"><div class=\"eael-entry-media\"><div class=\"eael-entry-overlay fade-in\"><i class=\"fas fa-long-arrow-alt-right\" aria-hidden=\"true\"><\/i><a href=\"https:\/\/wolfy.si\/index.php\/2026\/04\/07\/zakljucna-plesna-produkcija-7-junij-2026\/\"><\/a><\/div><div class=\"eael-entry-thumbnail \">\n                <img decoding=\"async\" width=\"1600\" height=\"1067\" src=\"https:\/\/wolfy.si\/wp-content\/uploads\/2023\/08\/IMG-6e8f9f0038effcbcc29d970af645ac16-V.jpg\" class=\"attachment-full size-full wp-image-8058\" alt=\"plesna \u0161ola Wolfy\" srcset=\"https:\/\/wolfy.si\/wp-content\/uploads\/2023\/08\/IMG-6e8f9f0038effcbcc29d970af645ac16-V.jpg 1600w, https:\/\/wolfy.si\/wp-content\/uploads\/2023\/08\/IMG-6e8f9f0038effcbcc29d970af645ac16-V-300x200.jpg 300w, https:\/\/wolfy.si\/wp-content\/uploads\/2023\/08\/IMG-6e8f9f0038effcbcc29d970af645ac16-V-1024x683.jpg 1024w, https:\/\/wolfy.si\/wp-content\/uploads\/2023\/08\/IMG-6e8f9f0038effcbcc29d970af645ac16-V-768x512.jpg 768w, https:\/\/wolfy.si\/wp-content\/uploads\/2023\/08\/IMG-6e8f9f0038effcbcc29d970af645ac16-V-1536x1024.jpg 1536w\" sizes=\"(max-width: 1600px) 100vw, 1600px\" \/>\n            <\/div>\n        <\/div><div class=\"eael-entry-wrapper\"><header class=\"eael-entry-header\"><h1 class=\"eael-entry-title\"><a\n                        class=\"eael-grid-post-link\"\n                        href=\"https:\/\/wolfy.si\/index.php\/2026\/04\/07\/zakljucna-plesna-produkcija-7-junij-2026\/\"\n                        title=\"ZAKLJU\u010cNA PLESNA PRODUKCIJA &#8211; 7.junij 2026\"><\/a><\/h1><\/header><div class=\"eael-entry-content\">\n                        <div class=\"eael-grid-post-excerpt\"><p>ZAKLJU\u010cNA PRODUKCIJA nazaj NEDELJA 7.6. 2026 Spo\u0161tovani, vabimo vas na...<\/p><a\n                            href=\"https:\/\/wolfy.si\/index.php\/2026\/04\/07\/zakljucna-plesna-produkcija-7-junij-2026\/\"\n                            class=\"eael-post-elements-readmore-btn\">Read More<\/a><\/div>\n                    <\/div><div class=\"eael-entry-footer\"><div class=\"eael-entry-meta\"><\/div><\/div><\/div><\/div>\n        <\/div>\n    <\/article><\/div>\n            <div class=\"clearfix\"><\/div>\n        <\/div>\t\t<\/div>\n\t\t\t\t<\/div>\n\t\t\t\t<div class=\"elementor-element elementor-element-8d5de59 elementor-widget-divider--view-line elementor-widget elementor-widget-divider\" data-id=\"8d5de59\" data-element_type=\"widget\" data-widget_type=\"divider.default\">\n\t\t\t\t<div class=\"elementor-widget-container\">\n\t\t\t\t\t<div class=\"elementor-divider\">\n\t\t\t<span class=\"elementor-divider-separator\">\n\t\t\t\t\t\t<\/span>\n\t\t<\/div>\n\t\t\t\t<\/div>\n\t\t\t\t<\/div>\n\t\t\t\t\t<\/div>\n\t\t<\/div>\n\t\t\t\t\t<\/div>\n\t\t<\/section>\n\t\t\t\t<\/div>\n\t\t","protected":false},"excerpt":{"rendered":"<p>INDIVIDUALNO U\u010cENJE INDIVIDUALNO ure nudimo za: *DRU\u017dABNE PLESE:-Dunajski val\u010dek&#8211; Angle\u0161ki val\u010dek&#8211; Tango&#8211; Samba&#8211; Rumba&#8211; Foxtrot&#8211; Disco swing, Disco hustle&#8211; Jive&#8211; Cha cha&#8211; Slow Fox* SALSA*KLASI\u010cNI BALET* JAZZ BALET*SODOBNA PLESNA TEHNIKA Cena individualne ure ( 60 min ) zna\u0161a:&#8211; 50 \u20ac na par &#8211; 35 \u20ac na osebo (za \u010dlane dru\u0161tva).&#8211;\u00a0 40 \u20ac na osebo (za &hellip;<\/p>\n<p class=\"read-more\"> <a class=\"\" href=\"https:\/\/wolfy.si\/index.php\/2026\/04\/07\/zakljucna-plesna-produkcija-7-junij-2026\/\"> <span class=\"screen-reader-text\">ZAKLJU\u010cNA PLESNA PRODUKCIJA &#8211; 7.junij 2026<\/span> Read More &raquo;<\/a><\/p>\n","protected":false},"author":1,"featured_media":0,"parent":0,"menu_order":0,"comment_status":"closed","ping_status":"closed","template":"","meta":{"_seopress_robots_primary_cat":"","_seopress_titles_title":"Individualno u\u010denje - Plesna \u0161ola Wolfy","_seopress_titles_desc":"Nudimo individualne ure -dru\u017eabnih plesov, jazz baleta, klasi\u010dneg baleta, sodobnega plesa in salse.","_seopress_robots_index":"","_monsterinsights_skip_tracking":false,"_monsterinsights_sitenote_active":false,"_monsterinsights_sitenote_note":"","_monsterinsights_sitenote_category":0,"site-sidebar-layout":"no-sidebar","site-content-layout":"page-builder","ast-global-header-display":"","ast-banner-title-visibility":"","ast-main-header-display":"","ast-hfb-above-header-display":"","ast-hfb-below-header-display":"","ast-hfb-mobile-header-display":"","site-post-title":"disabled","ast-breadcrumbs-content":"disabled","ast-featured-img":"disabled","footer-sml-layout":"","theme-transparent-header-meta":"default","adv-header-id-meta":"","stick-header-meta":"","header-above-stick-meta":"","header-main-stick-meta":"","header-below-stick-meta":"","footnotes":""},"folder":[],"_links":{"self":[{"href":"https:\/\/wolfy.si\/index.php\/wp-json\/wp\/v2\/pages\/517"}],"collection":[{"href":"https:\/\/wolfy.si\/index.php\/wp-json\/wp\/v2\/pages"}],"about":[{"href":"https:\/\/wolfy.si\/index.php\/wp-json\/wp\/v2\/types\/page"}],"author":[{"embeddable":true,"href":"https:\/\/wolfy.si\/index.php\/wp-json\/wp\/v2\/users\/1"}],"replies":[{"embeddable":true,"href":"https:\/\/wolfy.si\/index.php\/wp-json\/wp\/v2\/comments?post=517"}],"version-history":[{"count":44,"href":"https:\/\/wolfy.si\/index.php\/wp-json\/wp\/v2\/pages\/517\/revisions"}],"predecessor-version":[{"id":13127,"href":"https:\/\/wolfy.si\/index.php\/wp-json\/wp\/v2\/pages\/517\/revisions\/13127"}],"wp:attachment":[{"href":"https:\/\/wolfy.si\/index.php\/wp-json\/wp\/v2\/media?parent=517"}],"wp:term":[{"taxonomy":"folder","embeddable":true,"href":"https:\/\/wolfy.si\/index.php\/wp-json\/wp\/v2\/folder?post=517"}],"curies":[{"name":"wp","href":"https:\/\/api.w.org\/{rel}","templated":true}]}}