{"id":559,"date":"2019-10-08T18:40:02","date_gmt":"2019-10-08T17:40:02","guid":{"rendered":"http:\/\/wolfy.geoportal.in\/?page_id=559"},"modified":"2025-09-01T09:50:30","modified_gmt":"2025-09-01T08:50:30","slug":"plesni-tecaj-v-osnovni-soli","status":"publish","type":"page","link":"https:\/\/wolfy.si\/index.php\/plesni-tecaj-v-osnovni-soli\/","title":{"rendered":"Plesni tecaj \u2013 v osnovni soli"},"content":{"rendered":"\t\t<div data-elementor-type=\"wp-page\" data-elementor-id=\"559\" class=\"elementor elementor-559\">\n\t\t\t\t\t\t<section class=\"elementor-section elementor-top-section elementor-element elementor-element-584e861 elementor-section-height-min-height elementor-section-content-middle elementor-reverse-mobile elementor-section-boxed elementor-section-height-default elementor-section-items-middle\" data-id=\"584e861\" data-element_type=\"section\" data-settings=\"{&quot;background_background&quot;:&quot;classic&quot;}\">\n\t\t\t\t\t\t\t<div class=\"elementor-background-overlay\"><\/div>\n\t\t\t\t\t\t\t<div class=\"elementor-container elementor-column-gap-no\">\n\t\t\t\t\t<div class=\"elementor-column elementor-col-100 elementor-top-column elementor-element elementor-element-6da90c6\" data-id=\"6da90c6\" data-element_type=\"column\">\n\t\t\t<div class=\"elementor-widget-wrap elementor-element-populated\">\n\t\t\t\t\t\t<div class=\"elementor-element elementor-element-44bc04e elementor-widget elementor-widget-heading\" data-id=\"44bc04e\" data-element_type=\"widget\" data-widget_type=\"heading.default\">\n\t\t\t\t<div class=\"elementor-widget-container\">\n\t\t\t<h1 class=\"elementor-heading-title elementor-size-default\">Plesni te\u010daji - v osnovni \u0161oli<\/h1>\t\t<\/div>\n\t\t\t\t<\/div>\n\t\t\t\t\t<\/div>\n\t\t<\/div>\n\t\t\t\t\t<\/div>\n\t\t<\/section>\n\t\t\t\t<section class=\"elementor-section elementor-top-section elementor-element elementor-element-020993b elementor-section-content-top elementor-section-boxed elementor-section-height-default elementor-section-height-default\" data-id=\"020993b\" data-element_type=\"section\">\n\t\t\t\t\t\t<div class=\"elementor-container elementor-column-gap-no\">\n\t\t\t\t\t<div class=\"elementor-column elementor-col-100 elementor-top-column elementor-element elementor-element-cced573\" data-id=\"cced573\" data-element_type=\"column\">\n\t\t\t<div class=\"elementor-widget-wrap elementor-element-populated\">\n\t\t\t\t\t\t<div class=\"elementor-element elementor-element-932780e elementor-widget elementor-widget-heading\" data-id=\"932780e\" data-element_type=\"widget\" data-widget_type=\"heading.default\">\n\t\t\t\t<div class=\"elementor-widget-container\">\n\t\t\t<h2 class=\"elementor-heading-title elementor-size-default\">Plesni te\u010daji - v osnovni \u0161oli<\/h2>\t\t<\/div>\n\t\t\t\t<\/div>\n\t\t\t\t<div class=\"elementor-element elementor-element-1cb48b4 elementor-widget elementor-widget-text-editor\" data-id=\"1cb48b4\" data-element_type=\"widget\" data-widget_type=\"text-editor.default\">\n\t\t\t\t<div class=\"elementor-widget-container\">\n\t\t\t\t\t\t\t<p><strong>OSNOVNA \u0160OLA TONE \u010cUFAR<br \/>HIP HOP \/JAZZ BALET\u00a0 za u\u010dence od\u00a0 1.-5. razreda<br \/>PRI\u010cETEK:\u00a0 11.9.2025<\/strong><br \/>Te\u010daj\u00a0 bo potekal vsak \u010cETRTEK od 15:00-15:45<br \/>v\u00a0 mali telovadnici. Mese\u010dna vadnina zna\u0161a\u00a0 40,00 eur ( 4 vaje ). <br \/>Te\u010daj bo potekal skozi celo leto, star\u0161i znesek poravnajo po prejeti polo\u017enici.<\/p>\t\t\t\t\t\t<\/div>\n\t\t\t\t<\/div>\n\t\t\t\t<div class=\"elementor-element elementor-element-c76f7f0 elementor-widget elementor-widget-heading\" data-id=\"c76f7f0\" data-element_type=\"widget\" data-widget_type=\"heading.default\">\n\t\t\t\t<div class=\"elementor-widget-container\">\n\t\t\t<h2 class=\"elementor-heading-title elementor-size-default\">PRIJAVNICA<\/h2>\t\t<\/div>\n\t\t\t\t<\/div>\n\t\t\t\t<div class=\"elementor-element elementor-element-f868ddd elementor-widget elementor-widget-wpforms\" data-id=\"f868ddd\" data-element_type=\"widget\" data-widget_type=\"wpforms.default\">\n\t\t\t\t<div class=\"elementor-widget-container\">\n\t\t\t<div class=\"wpforms-container wpforms-container-full\" id=\"wpforms-6264\"><form id=\"wpforms-form-6264\" class=\"wpforms-validate wpforms-form\" data-formid=\"6264\" method=\"post\" enctype=\"multipart\/form-data\" action=\"\/index.php\/wp-json\/wp\/v2\/pages\/559\" data-token=\"8c2e7f0ccbc0e763b1c72759986cf60b\"><noscript class=\"wpforms-error-noscript\">Please enable JavaScript in your browser to complete this form.<\/noscript><div class=\"wpforms-field-container\"><div id=\"wpforms-6264-field_5-container\" class=\"wpforms-field wpforms-field-name\" data-field-id=\"5\"><label class=\"wpforms-field-label\" for=\"wpforms-6264-field_5\">Ime in priimek  \u010dlana\/\u010dlanice (otroka) dru\u0161tva Wolfy : <span class=\"wpforms-required-label\">*<\/span><\/label><div class=\"wpforms-field-row wpforms-field-large\"><div class=\"wpforms-field-row-block wpforms-first wpforms-one-half\"><input type=\"text\" id=\"wpforms-6264-field_5\" class=\"wpforms-field-name-first wpforms-field-required\" name=\"wpforms[fields][5][first]\" placeholder=\"Ime\" required><label for=\"wpforms-6264-field_5\" class=\"wpforms-field-sublabel after wpforms-sublabel-hide\">First<\/label><\/div><div class=\"wpforms-field-row-block wpforms-one-half\"><input type=\"text\" id=\"wpforms-6264-field_5-last\" class=\"wpforms-field-name-last wpforms-field-required\" name=\"wpforms[fields][5][last]\" placeholder=\"Priimek\" required><label for=\"wpforms-6264-field_5-last\" class=\"wpforms-field-sublabel after wpforms-sublabel-hide\">Last<\/label><\/div><\/div><\/div><div id=\"wpforms-6264-field_36-container\" class=\"wpforms-field wpforms-field-name\" data-field-id=\"36\"><label class=\"wpforms-field-label\" for=\"wpforms-6264-field_36\">IME IN PRIIMEK STAR\u0160A oz ZAKONITEGA ZASTOPNIKA \u010dlana\/\u010dlanice dru\u0161tva Wolfy (v kolikor je ta mladoleten) * First Last <span class=\"wpforms-required-label\">*<\/span><\/label><div class=\"wpforms-field-row wpforms-field-large\"><div class=\"wpforms-field-row-block wpforms-first wpforms-one-half\"><input type=\"text\" id=\"wpforms-6264-field_36\" class=\"wpforms-field-name-first wpforms-field-required\" name=\"wpforms[fields][36][first]\" placeholder=\"Ime\" required><label for=\"wpforms-6264-field_36\" class=\"wpforms-field-sublabel after wpforms-sublabel-hide\">First<\/label><\/div><div class=\"wpforms-field-row-block wpforms-one-half\"><input type=\"text\" id=\"wpforms-6264-field_36-last\" class=\"wpforms-field-name-last wpforms-field-required\" name=\"wpforms[fields][36][last]\" placeholder=\"Priimek\" required><label for=\"wpforms-6264-field_36-last\" class=\"wpforms-field-sublabel after wpforms-sublabel-hide\">Last<\/label><\/div><\/div><\/div><div id=\"wpforms-6264-field_6-container\" class=\"wpforms-field wpforms-field-text\" data-field-id=\"6\"><label class=\"wpforms-field-label\" for=\"wpforms-6264-field_6\">Naslov: <span class=\"wpforms-required-label\">*<\/span><\/label><input type=\"text\" id=\"wpforms-6264-field_6\" class=\"wpforms-field-large wpforms-field-required\" name=\"wpforms[fields][6]\" required><\/div><div id=\"wpforms-6264-field_7-container\" class=\"wpforms-field wpforms-field-text\" data-field-id=\"7\"><label class=\"wpforms-field-label\" for=\"wpforms-6264-field_7\">Po\u0161tna \u0161tevilka in kraj: <span class=\"wpforms-required-label\">*<\/span><\/label><input type=\"text\" id=\"wpforms-6264-field_7\" class=\"wpforms-field-large wpforms-field-required\" name=\"wpforms[fields][7]\" required><\/div><div id=\"wpforms-6264-field_9-container\" class=\"wpforms-field wpforms-field-text\" data-field-id=\"9\"><label class=\"wpforms-field-label\" for=\"wpforms-6264-field_9\">Telefonska \u0161tevilka: <span class=\"wpforms-required-label\">*<\/span><\/label><input type=\"text\" id=\"wpforms-6264-field_9\" class=\"wpforms-field-large wpforms-field-required\" name=\"wpforms[fields][9]\" required><\/div><div id=\"wpforms-6264-field_11-container\" class=\"wpforms-field wpforms-field-email\" data-field-id=\"11\"><label class=\"wpforms-field-label\" for=\"wpforms-6264-field_11\">E-Po\u0161ta: <span class=\"wpforms-required-label\">*<\/span><\/label><input type=\"email\" id=\"wpforms-6264-field_11\" class=\"wpforms-field-medium wpforms-field-required\" name=\"wpforms[fields][11]\" spellcheck=\"false\" required><\/div><div id=\"wpforms-6264-field_39-container\" class=\"wpforms-field wpforms-field-text\" data-field-id=\"39\"><label class=\"wpforms-field-label\" for=\"wpforms-6264-field_39\">RAZRED: <span class=\"wpforms-required-label\">*<\/span><\/label><input type=\"text\" id=\"wpforms-6264-field_39\" class=\"wpforms-field-large wpforms-field-required\" name=\"wpforms[fields][39]\" required><\/div><div id=\"wpforms-6264-field_35-container\" class=\"wpforms-field wpforms-field-select wpforms-one-half wpforms-first wpforms-field-select-style-classic\" data-field-id=\"35\"><label class=\"wpforms-field-label\" for=\"wpforms-6264-field_35\">LOKACIJA <span class=\"wpforms-required-label\">*<\/span><\/label><select id=\"wpforms-6264-field_35\" class=\"wpforms-field-large wpforms-field-required\" name=\"wpforms[fields][35]\" required=\"required\"><option value=\"\u0161ola TONE \u010cUFAR\" >\u0161ola TONE \u010cUFAR<\/option><option value=\"\u0161ola BESNICA\" >\u0161ola BESNICA<\/option><option value=\"\u0161ola MALI LIPOGLAV\" >\u0161ola MALI LIPOGLAV<\/option><option value=\"\u0161ola JAN\u010cE\" >\u0161ola JAN\u010cE<\/option><option value=\"PRE\u017dGANJE\" >PRE\u017dGANJE<\/option><\/select><\/div><div id=\"wpforms-6264-field_37-container\" class=\"wpforms-field wpforms-field-select wpforms-one-half wpforms-first wpforms-field-select-style-classic\" data-field-id=\"37\"><label class=\"wpforms-field-label\" for=\"wpforms-6264-field_37\">RA\u010cUN \u017eelim  prejemati: <span class=\"wpforms-required-label\">*<\/span><\/label><select id=\"wpforms-6264-field_37\" class=\"wpforms-field-large wpforms-field-required\" name=\"wpforms[fields][37]\" required=\"required\"><option value=\"po po\u0161ti- polo\u017enica\" >po po\u0161ti- polo\u017enica<\/option><option value=\"na el. naslov\" >na el. naslov<\/option><\/select><\/div><\/div><!-- .wpforms-field-container --><div class=\"wpforms-field wpforms-field-hp\"><label for=\"wpforms-6264-field-hp\" class=\"wpforms-field-label\">Name<\/label><input type=\"text\" name=\"wpforms[hp]\" id=\"wpforms-6264-field-hp\" class=\"wpforms-field-medium\"><\/div><div class=\"wpforms-recaptcha-container wpforms-is-recaptcha wpforms-is-recaptcha-type-v2\" ><div class=\"g-recaptcha\" data-sitekey=\"6LeXlcQZAAAAAFqc0IjrcP5zricea0F3B7fqwNcU\"><\/div><input type=\"text\" name=\"g-recaptcha-hidden\" class=\"wpforms-recaptcha-hidden\" style=\"position:absolute!important;clip:rect(0,0,0,0)!important;height:1px!important;width:1px!important;border:0!important;overflow:hidden!important;padding:0!important;margin:0!important;\" data-rule-recaptcha=\"1\"><\/div><div class=\"wpforms-submit-container\" ><input type=\"hidden\" name=\"wpforms[id]\" value=\"6264\"><input type=\"hidden\" name=\"wpforms[author]\" value=\"1\"><button type=\"submit\" name=\"wpforms[submit]\" id=\"wpforms-submit-6264\" class=\"wpforms-submit\" data-alt-text=\"Po\u0161iljam ...\" data-submit-text=\"Po\u0161lji\" aria-live=\"assertive\" value=\"wpforms-submit\">Po\u0161lji<\/button><\/div><\/form><\/div>  <!-- .wpforms-container -->\t\t<\/div>\n\t\t\t\t<\/div>\n\t\t\t\t\t<\/div>\n\t\t<\/div>\n\t\t\t\t\t<\/div>\n\t\t<\/section>\n\t\t\t\t<section class=\"elementor-section elementor-top-section elementor-element elementor-element-5d4108b elementor-section-content-middle elementor-section-boxed elementor-section-height-default elementor-section-height-default\" data-id=\"5d4108b\" data-element_type=\"section\" data-settings=\"{&quot;background_background&quot;:&quot;classic&quot;}\">\n\t\t\t\t\t\t<div class=\"elementor-container elementor-column-gap-no\">\n\t\t\t\t\t<div class=\"elementor-column elementor-col-100 elementor-top-column elementor-element elementor-element-5c4da28\" data-id=\"5c4da28\" data-element_type=\"column\">\n\t\t\t<div class=\"elementor-widget-wrap elementor-element-populated\">\n\t\t\t\t\t\t<div class=\"elementor-element elementor-element-8d50c11 elementor-widget elementor-widget-heading\" data-id=\"8d50c11\" data-element_type=\"widget\" data-widget_type=\"heading.default\">\n\t\t\t\t<div class=\"elementor-widget-container\">\n\t\t\t<h2 class=\"elementor-heading-title elementor-size-default\">Novice<\/h2>\t\t<\/div>\n\t\t\t\t<\/div>\n\t\t\t\t<div class=\"elementor-element elementor-element-c241d02 elementor-widget-divider--view-line elementor-widget elementor-widget-divider\" data-id=\"c241d02\" data-element_type=\"widget\" data-widget_type=\"divider.default\">\n\t\t\t\t<div class=\"elementor-widget-container\">\n\t\t\t\t\t<div class=\"elementor-divider\">\n\t\t\t<span class=\"elementor-divider-separator\">\n\t\t\t\t\t\t<\/span>\n\t\t<\/div>\n\t\t\t\t<\/div>\n\t\t\t\t<\/div>\n\t\t\t\t<div class=\"elementor-element elementor-element-9b2b9da elementor-grid-eael-col-4 elementor-grid-tablet-eael-col-2 elementor-grid-mobile-eael-col-1 elementor-widget elementor-widget-eael-post-grid\" data-id=\"9b2b9da\" data-element_type=\"widget\" data-settings=\"{&quot;eael_post_grid_columns&quot;:&quot;eael-col-4&quot;,&quot;eael_post_grid_columns_tablet&quot;:&quot;eael-col-2&quot;,&quot;eael_post_grid_columns_mobile&quot;:&quot;eael-col-1&quot;}\" data-widget_type=\"eael-post-grid.default\">\n\t\t\t\t<div class=\"elementor-widget-container\">\n\t\t\t<div id=\"eael-post-grid-9b2b9da\" class=\"eael-post-grid-container\">\n            <div class=\"eael-post-grid eael-post-appender eael-post-appender-9b2b9da eael-post-grid-style-default\" data-layout-mode=\"masonry\"><article class=\"eael-grid-post eael-post-grid-column\" data-id=\"1466\">\n        <div class=\"eael-grid-post-holder\">\n            <div class=\"eael-grid-post-holder-inner\"><div class=\"eael-entry-media\"><div class=\"eael-entry-overlay slide-up\"><i class=\"fas fa-long-arrow-alt-right\" aria-hidden=\"true\"><\/i><a href=\"https:\/\/wolfy.si\/index.php\/2026\/04\/17\/porocni-plesni-tecaj-3\/\"><\/a><\/div><div class=\"eael-entry-thumbnail \">\n                <img fetchpriority=\"high\" decoding=\"async\" width=\"252\" height=\"300\" src=\"https:\/\/wolfy.si\/wp-content\/uploads\/2020\/08\/POROCNI-PLESNI-TECAJ-2-252x300.jpg\" class=\"attachment-medium size-medium wp-image-4781\" alt=\"married dance class\" srcset=\"https:\/\/wolfy.si\/wp-content\/uploads\/2020\/08\/POROCNI-PLESNI-TECAJ-2-252x300.jpg 252w, https:\/\/wolfy.si\/wp-content\/uploads\/2020\/08\/POROCNI-PLESNI-TECAJ-2-861x1024.jpg 861w, https:\/\/wolfy.si\/wp-content\/uploads\/2020\/08\/POROCNI-PLESNI-TECAJ-2-768x913.jpg 768w, https:\/\/wolfy.si\/wp-content\/uploads\/2020\/08\/POROCNI-PLESNI-TECAJ-2.jpg 906w\" sizes=\"(max-width: 252px) 100vw, 252px\" \/>\n            <\/div>\n        <\/div><div class=\"eael-entry-wrapper\"><header class=\"eael-entry-header\"><h2 class=\"eael-entry-title\"><a\n                        class=\"eael-grid-post-link\"\n                        href=\"https:\/\/wolfy.si\/index.php\/2026\/04\/17\/porocni-plesni-tecaj-3\/\"\n                        title=\"PORO\u010cNI PLESNI TE\u010cAJ\">PORO\u010cNI PLESNI TE\u010cAJ<\/a><\/h2><\/header><div class=\"eael-entry-content\">\n                        <div class=\"eael-grid-post-excerpt\"><p>nazaj PORO\u010cNI PLESNI TE\u010cAJ OTVORITVENI PORO\u010cNI PLESBli\u017ea se \u010das, ko...<\/p><a\n                            href=\"https:\/\/wolfy.si\/index.php\/2026\/04\/17\/porocni-plesni-tecaj-3\/\"\n                            class=\"eael-post-elements-readmore-btn\">Read More<\/a><\/div>\n                    <\/div><\/div><\/div>\n        <\/div>\n    <\/article><article class=\"eael-grid-post eael-post-grid-column\" data-id=\"1359\">\n        <div class=\"eael-grid-post-holder\">\n            <div class=\"eael-grid-post-holder-inner\"><div class=\"eael-entry-media\"><div class=\"eael-entry-overlay slide-up\"><i class=\"fas fa-long-arrow-alt-right\" aria-hidden=\"true\"><\/i><a href=\"https:\/\/wolfy.si\/index.php\/2026\/04\/07\/poletna-vadba-julij-2026\/\"><\/a><\/div><div class=\"eael-entry-thumbnail \">\n                <img decoding=\"async\" width=\"221\" height=\"300\" src=\"https:\/\/wolfy.si\/wp-content\/uploads\/2025\/03\/Copy-of-Copy-of-Dance-Made-with-PosterMyWall-221x300.jpg\" class=\"attachment-medium size-medium wp-image-11386\" alt=\"POLETNA VADBA - julij 2026\" srcset=\"https:\/\/wolfy.si\/wp-content\/uploads\/2025\/03\/Copy-of-Copy-of-Dance-Made-with-PosterMyWall-221x300.jpg 221w, https:\/\/wolfy.si\/wp-content\/uploads\/2025\/03\/Copy-of-Copy-of-Dance-Made-with-PosterMyWall-754x1024.jpg 754w, https:\/\/wolfy.si\/wp-content\/uploads\/2025\/03\/Copy-of-Copy-of-Dance-Made-with-PosterMyWall.jpg 768w\" sizes=\"(max-width: 221px) 100vw, 221px\" \/>\n            <\/div>\n        <\/div><div class=\"eael-entry-wrapper\"><header class=\"eael-entry-header\"><h2 class=\"eael-entry-title\"><a\n                        class=\"eael-grid-post-link\"\n                        href=\"https:\/\/wolfy.si\/index.php\/2026\/04\/07\/poletna-vadba-julij-2026\/\"\n                        title=\"POLETNA VADBA JULIJ 2026: zumba , balet in jazz balet\">POLETNA VADBA JULIJ 2026: zumba , balet in jazz balet<\/a><\/h2><\/header><div class=\"eael-entry-content\">\n                        <div class=\"eael-grid-post-excerpt\"><p>POLETNI TRENINGI &#8211; julij 2026 nazaj URNIK poletnih treningov &#8211;...<\/p><a\n                            href=\"https:\/\/wolfy.si\/index.php\/2026\/04\/07\/poletna-vadba-julij-2026\/\"\n                            class=\"eael-post-elements-readmore-btn\">Read More<\/a><\/div>\n                    <\/div><\/div><\/div>\n        <\/div>\n    <\/article><article class=\"eael-grid-post eael-post-grid-column\" data-id=\"6999\">\n        <div class=\"eael-grid-post-holder\">\n            <div class=\"eael-grid-post-holder-inner\"><div class=\"eael-entry-media\"><div class=\"eael-entry-overlay slide-up\"><i class=\"fas fa-long-arrow-alt-right\" aria-hidden=\"true\"><\/i><a href=\"https:\/\/wolfy.si\/index.php\/2026\/04\/07\/zakljucna-plesna-produkcija-7-junij-2026\/\"><\/a><\/div><div class=\"eael-entry-thumbnail \">\n                <img decoding=\"async\" width=\"300\" height=\"200\" src=\"https:\/\/wolfy.si\/wp-content\/uploads\/2023\/08\/IMG-6e8f9f0038effcbcc29d970af645ac16-V-300x200.jpg\" class=\"attachment-medium size-medium wp-image-8058\" alt=\"plesna \u0161ola Wolfy\" srcset=\"https:\/\/wolfy.si\/wp-content\/uploads\/2023\/08\/IMG-6e8f9f0038effcbcc29d970af645ac16-V-300x200.jpg 300w, https:\/\/wolfy.si\/wp-content\/uploads\/2023\/08\/IMG-6e8f9f0038effcbcc29d970af645ac16-V-1024x683.jpg 1024w, https:\/\/wolfy.si\/wp-content\/uploads\/2023\/08\/IMG-6e8f9f0038effcbcc29d970af645ac16-V-768x512.jpg 768w, https:\/\/wolfy.si\/wp-content\/uploads\/2023\/08\/IMG-6e8f9f0038effcbcc29d970af645ac16-V-1536x1024.jpg 1536w, https:\/\/wolfy.si\/wp-content\/uploads\/2023\/08\/IMG-6e8f9f0038effcbcc29d970af645ac16-V.jpg 1600w\" sizes=\"(max-width: 300px) 100vw, 300px\" \/>\n            <\/div>\n        <\/div><div class=\"eael-entry-wrapper\"><header class=\"eael-entry-header\"><h2 class=\"eael-entry-title\"><a\n                        class=\"eael-grid-post-link\"\n                        href=\"https:\/\/wolfy.si\/index.php\/2026\/04\/07\/zakljucna-plesna-produkcija-7-junij-2026\/\"\n                        title=\"ZAKLJU\u010cNA PLESNA PRODUKCIJA &#8211; 7.junij 2026\">ZAKLJU\u010cNA PLESNA PRODUKCIJA &#8211; 7.junij 2026<\/a><\/h2><\/header><div class=\"eael-entry-content\">\n                        <div class=\"eael-grid-post-excerpt\"><p>ZAKLJU\u010cNA PRODUKCIJA nazaj NEDELJA 7.6. 2026 Spo\u0161tovani, vabimo vas na...<\/p><a\n                            href=\"https:\/\/wolfy.si\/index.php\/2026\/04\/07\/zakljucna-plesna-produkcija-7-junij-2026\/\"\n                            class=\"eael-post-elements-readmore-btn\">Read More<\/a><\/div>\n                    <\/div><\/div><\/div>\n        <\/div>\n    <\/article><\/div>\n            <div class=\"clearfix\"><\/div>\n        <\/div>\t\t<\/div>\n\t\t\t\t<\/div>\n\t\t\t\t\t<\/div>\n\t\t<\/div>\n\t\t\t\t\t<\/div>\n\t\t<\/section>\n\t\t\t\t<\/div>\n\t\t","protected":false},"excerpt":{"rendered":"<p>Plesni te\u010daji &#8211; v osnovni \u0161oli Plesni te\u010daji &#8211; v osnovni \u0161oli OSNOVNA \u0160OLA TONE \u010cUFARHIP HOP \/JAZZ BALET\u00a0 za u\u010dence od\u00a0 1.-5. razredaPRI\u010cETEK:\u00a0 11.9.2025Te\u010daj\u00a0 bo potekal vsak \u010cETRTEK od 15:00-15:45v\u00a0 mali telovadnici. Mese\u010dna vadnina zna\u0161a\u00a0 40,00 eur ( 4 vaje ). Te\u010daj bo potekal skozi celo leto, star\u0161i znesek poravnajo po prejeti polo\u017enici. PRIJAVNICA &hellip;<\/p>\n<p class=\"read-more\"> <a class=\"\" href=\"https:\/\/wolfy.si\/index.php\/2026\/04\/07\/zakljucna-plesna-produkcija-7-junij-2026\/\"> <span class=\"screen-reader-text\">ZAKLJU\u010cNA PLESNA PRODUKCIJA &#8211; 7.junij 2026<\/span> Read More &raquo;<\/a><\/p>\n","protected":false},"author":1,"featured_media":0,"parent":0,"menu_order":0,"comment_status":"closed","ping_status":"closed","template":"","meta":{"_seopress_robots_primary_cat":"","_seopress_titles_title":"","_seopress_titles_desc":"","_seopress_robots_index":"","_monsterinsights_skip_tracking":false,"_monsterinsights_sitenote_active":false,"_monsterinsights_sitenote_note":"","_monsterinsights_sitenote_category":0,"site-sidebar-layout":"no-sidebar","site-content-layout":"page-builder","ast-global-header-display":"","ast-banner-title-visibility":"","ast-main-header-display":"","ast-hfb-above-header-display":"","ast-hfb-below-header-display":"","ast-hfb-mobile-header-display":"","site-post-title":"disabled","ast-breadcrumbs-content":"disabled","ast-featured-img":"disabled","footer-sml-layout":"","theme-transparent-header-meta":"default","adv-header-id-meta":"","stick-header-meta":"","header-above-stick-meta":"","header-main-stick-meta":"","header-below-stick-meta":"","footnotes":""},"folder":[],"_links":{"self":[{"href":"https:\/\/wolfy.si\/index.php\/wp-json\/wp\/v2\/pages\/559"}],"collection":[{"href":"https:\/\/wolfy.si\/index.php\/wp-json\/wp\/v2\/pages"}],"about":[{"href":"https:\/\/wolfy.si\/index.php\/wp-json\/wp\/v2\/types\/page"}],"author":[{"embeddable":true,"href":"https:\/\/wolfy.si\/index.php\/wp-json\/wp\/v2\/users\/1"}],"replies":[{"embeddable":true,"href":"https:\/\/wolfy.si\/index.php\/wp-json\/wp\/v2\/comments?post=559"}],"version-history":[{"count":44,"href":"https:\/\/wolfy.si\/index.php\/wp-json\/wp\/v2\/pages\/559\/revisions"}],"predecessor-version":[{"id":12665,"href":"https:\/\/wolfy.si\/index.php\/wp-json\/wp\/v2\/pages\/559\/revisions\/12665"}],"wp:attachment":[{"href":"https:\/\/wolfy.si\/index.php\/wp-json\/wp\/v2\/media?parent=559"}],"wp:term":[{"taxonomy":"folder","embeddable":true,"href":"https:\/\/wolfy.si\/index.php\/wp-json\/wp\/v2\/folder?post=559"}],"curies":[{"name":"wp","href":"https:\/\/api.w.org\/{rel}","templated":true}]}}