{"id":894,"date":"2020-02-16T11:07:21","date_gmt":"2020-02-16T11:07:21","guid":{"rendered":"http:\/\/wolfy.geoportal.in\/?page_id=894"},"modified":"2025-10-10T13:26:57","modified_gmt":"2025-10-10T12:26:57","slug":"pogoji","status":"publish","type":"page","link":"https:\/\/wolfy.si\/index.php\/pogoji\/","title":{"rendered":"pogoji"},"content":{"rendered":"\t\t<div data-elementor-type=\"wp-page\" data-elementor-id=\"894\" class=\"elementor elementor-894\">\n\t\t\t\t\t\t<section class=\"elementor-section elementor-top-section elementor-element elementor-element-584e861 elementor-section-height-min-height elementor-section-content-middle elementor-reverse-mobile elementor-section-boxed elementor-section-height-default elementor-section-items-middle\" data-id=\"584e861\" data-element_type=\"section\" data-settings=\"{&quot;background_background&quot;:&quot;classic&quot;}\">\n\t\t\t\t\t\t\t<div class=\"elementor-background-overlay\"><\/div>\n\t\t\t\t\t\t\t<div class=\"elementor-container elementor-column-gap-no\">\n\t\t\t\t\t<div class=\"elementor-column elementor-col-100 elementor-top-column elementor-element elementor-element-6da90c6\" data-id=\"6da90c6\" data-element_type=\"column\">\n\t\t\t<div class=\"elementor-widget-wrap elementor-element-populated\">\n\t\t\t\t\t\t<div class=\"elementor-element elementor-element-44bc04e elementor-widget elementor-widget-heading\" data-id=\"44bc04e\" data-element_type=\"widget\" data-widget_type=\"heading.default\">\n\t\t\t\t<div class=\"elementor-widget-container\">\n\t\t\t<h1 class=\"elementor-heading-title elementor-size-default\">POGOJI<\/h1>\t\t<\/div>\n\t\t\t\t<\/div>\n\t\t\t\t\t<\/div>\n\t\t<\/div>\n\t\t\t\t\t<\/div>\n\t\t<\/section>\n\t\t\t\t<section class=\"elementor-section elementor-top-section elementor-element elementor-element-020993b elementor-section-content-top elementor-section-boxed elementor-section-height-default elementor-section-height-default\" data-id=\"020993b\" data-element_type=\"section\">\n\t\t\t\t\t\t<div class=\"elementor-container elementor-column-gap-no\">\n\t\t\t\t\t<div class=\"elementor-column elementor-col-100 elementor-top-column elementor-element elementor-element-cced573\" data-id=\"cced573\" data-element_type=\"column\">\n\t\t\t<div class=\"elementor-widget-wrap elementor-element-populated\">\n\t\t\t\t\t\t<div class=\"elementor-element elementor-element-807b50d elementor-widget elementor-widget-heading\" data-id=\"807b50d\" data-element_type=\"widget\" data-widget_type=\"heading.default\">\n\t\t\t\t<div class=\"elementor-widget-container\">\n\t\t\t<h2 class=\"elementor-heading-title elementor-size-default\">Pogoji - preberi<\/h2>\t\t<\/div>\n\t\t\t\t<\/div>\n\t\t\t\t<div class=\"elementor-element elementor-element-1cb48b4 elementor-widget elementor-widget-text-editor\" data-id=\"1cb48b4\" data-element_type=\"widget\" data-widget_type=\"text-editor.default\">\n\t\t\t\t<div class=\"elementor-widget-container\">\n\t\t\t\t\t\t\t<p><strong>1<\/strong>.<strong> PLA\u010cILO:<\/strong><br \/>RA\u010cUN za mese\u010dno vadnino \u010dlan prejme 1. teden v mesecu. <br \/>Vadnina se poravna za teko\u010di mesec. <br \/>\u010ce ste izbrali ra\u010dun v el. obliki, vam ga po\u0161ljemo na va\u0161 el. naslov, \u010de ste izbrali ra\u010dun v papirnati obliki ( polo\u017enico), jo prejmete pri plesni u\u010diteljici ali pa vam jo po\u0161ljemo na va\u0161 naslov. <br \/>V primeru, da ima \u010dlan (ali njegov zastopnik) kakr\u0161nekoli pripombe glede izdanega ra\u010duna, nam mora do datuma valute na meil poslati svojo pripombo. Pripombe, ki bodo oddane po datumu valute ne bodo upo\u0161tevane.<br \/><strong>ODSOTNOST<\/strong> v teko\u010dem mesecu bo upo\u0161tevana pri naslednjem izdanem ra\u010dunu.<\/p><p><strong>NEPORAVNANE OBVEZNOSTI:<\/strong> <br \/>v primeru, da \u010dlan svoje vadnine ne poravna za pretekli in predpretekli mesec, se\u00a0 njegova prijavnica izbri\u0161e, njegov dolg pa prijavi agenciji za izterjave.<\/p><p><strong>2. PRVI OBISK<\/strong> v kolikor se po prvem obisku ne odlo\u010dite za vpis, vam obiska ne zara\u010dunamo. <br \/>V nasprotnem primeru se vam vadnina \u0161teje s prvim obiskom.<\/p><p><span style=\"font-weight: 400;\"><strong>3. PLESNI TE\u010cAJI se zaklju\u010dijo:<br \/><\/strong>&#8211; za pred\u0161olske in \u0161olske skupine\u00a0 24.6.<br \/>&#8211; za dijake,\u0161tudente in odrasle\u00a0 30.6.<strong><br \/><\/strong><\/span><\/p><p><span style=\"font-weight: 400;\"><strong>4.\u00a0 POMO\u010c IN INFORMACIJE<\/strong><br \/>Za vse dodatne informacije in pomo\u010d nas pokli\u010dite na tel.\u0161tevilko: 041 \/ 684 &#8211; 252 ali pi\u0161ite na:\u00a0 info@wolfy.si<br \/><\/span><\/p><p><span style=\"font-weight: 400;\"><strong>5. VARNOST OSEBNIH PODATKOV<\/strong><\/span><span style=\"font-weight: 400;\"><strong><br \/><\/strong>\u010clan se strinja, da KUD WOLFY zbira, uporablja in obdeluje osebne podatke na uporabni\u0161kem ra\u010dunu kupca. KUD WOLFY se zavezuje, da bo z osebnimi podatki kupca rokoval v skladu z veljavnim ZAKONOM O VARSTVU OSEBNIH PODATKOV in jih bo uporabljal in obdeloval izklju\u010dno za obve\u0161\u010danje o novostih, delavnicah, seminarjih in dogodkih.<\/span><\/p><p><span style=\"font-weight: 400;\"><strong>6. REGISTRACIJA<\/strong> <br \/>Vsak , ki \u017eeli obiskovati vadbo v DRU\u0160TVU WOLFY mora izpolniti PRIJAVNICO in jo v el. obliki poslati na KUD WOLFY.<\/span><\/p><p><span style=\"font-weight: 400;\"><strong>7. LETNA \u010cLANARINA<br \/><\/strong>Letno \u010dlanarino\u00a0 DRU\u0160TVO WOLFY svojim \u010dlanom \u00a0 NE ZARA\u010cUNA dodatno. \u010clanarina je del vadnine.<\/span><\/p><p><strong>8. IZPIS \u010cLANA<\/strong><span style=\"font-weight: 400;\"><br \/>V primeru, da \u010dlan ne \u017eeli biti ve\u010d v\u010dlanjen v dru\u0161tvo, mora svoj izpis potrditi na el.naslov: info@wolfy.si.<\/span><span style=\"font-weight: 400;\"><br \/>Po oddani izpisnici se vsi osebni podatki \u010dlana izbri\u0161ejo.<\/span><\/p>\t\t\t\t\t\t<\/div>\n\t\t\t\t<\/div>\n\t\t\t\t<div class=\"elementor-element elementor-element-6193c37 elementor-widget elementor-widget-text-editor\" data-id=\"6193c37\" data-element_type=\"widget\" data-widget_type=\"text-editor.default\">\n\t\t\t\t<div class=\"elementor-widget-container\">\n\t\t\t\t\t\t\t<p><strong>VAROVANJE OSEBNIH PODATKOV<\/strong><\/p><p>Dru\u0161tvo Wolfy se zavezuje, da bo varoval zaupnost osebnih podatkov vseh njegovih \u010dlanov . Zbrane osebne podatke bo dru\u0161tvo Wolfy uporabljalo izklju\u010dno za opravljanje storitev, ki jih ponuja.<\/p><p><strong>Uporaba osebnih podatkov<\/strong><\/p><p>Dru\u0161tvo Wolfy \u00a0za potrebe opravljanja storitev, ki jih ponuja, zbira, vodi, obdeluje in shranjuje najve\u010d naslednje uporabnikove podatke:<\/p><ul><li>ime in priimek;<\/li><li>e-po\u0161tni naslov;<\/li><li>telefonska \u0161tevilka;<\/li><li>druge podatke, ki jih uporabnik prostovoljno vnese v obrazce v spletnih straneh;<\/li><\/ul><p>Za pravilnost, popolnost in a\u017eurnost podatkov, ki jih vnesejo uporabniki, ponudnik ne odgovarja.<\/p><p><strong>Nameni obdelave osebnih podatkov<\/strong><\/p><p>Dru\u0161tvo bo osebne podatke uporabljal v naslednje namene:<\/p><ul><li>Za komunikacijo s \u010dlanom glede oddanih povpra\u0161evanj po storitvah.. Dru\u0161tvo bo \u00a0osebne podatke hranil tako dolgo, dokler so ti potrebni za komunikacijo s \u010dlanom oz do izpisa \u010dlana iz dru\u0161tva.<\/li><li>Za po\u0161iljanje ob\u010dasnih e-novic o aktualnih dogodkih in ponudbah, o promocijski ponudbi in o ostalih zadevah, ki bi \u010dlana \u00a0zanimale.<\/li><\/ul><ul><li><strong>Pravice \u010dlana<\/strong><\/li><\/ul><p>\u010clan lahko kadarkoli zahteva:<\/p><ul><li>Odjavo od prejemanja e-novic (v kolikor jih prejema). Pisno izjavo o odjavi prejemanju e-novic \u010dlan po\u0161lje na <u>info@wolfy.si<\/u><\/li><li>Popravek svojih osebnih podatkov s posredovanjem pisne zahteve na <u>info@wolfy.si<\/u><\/li><li>Trajen izbris osebnih podatkov, ki jih dru\u0161tvo \u00a0hrani in\/ali obdeluje, s posredovanjem pisne zahteve na naslov \u00a0<u>info@wolfy.si<\/u><\/li><\/ul><p><strong>Izjava o varovanju zaupnosti osebnih podatkov in zasebnosti \u010dlanov<\/strong><\/p><p>Dru\u0161tvo je \u00a0v skladu s predpisi, ki urejajo varstvo osebnih podatkov, zavezan k varovanju osebnih podatkov \u010dlanov. Dru\u0161tvo Wolfy ne bo brez\u00a0 dovoljenja \u010dlana posredoval osebnih oz. drugih podatkov \u010dlana tretji osebi oz. ne bo omogo\u010dil tretji osebi, da vpogleda v osebne oz. druge podatke \u010dlana, razen v primeru:<\/p><ul><li>\u010de bi to od njega zahtevale dr\u017eavne oblasti,<\/li><li>\u010de je taka obveznost dolo\u010dena v zakonu,<\/li><li>ali v dobri veri, da je tako ukrepanje potrebno za postopke pred sodi\u0161\u010di ali drugimi dr\u017eavnimi organi ter za za\u0161\u010dito in uresni\u010devanje zakonitih interesov ponudnika.<\/li><\/ul><p>Vsi osebni in drugi podatki, ki jih bo \u010dlan \u00a0posredoval, bodo varovani v skladu s predpisi, ki urejajo varstvo osebnih podatkov. Ponudnik teh podatkov ne bo uporabil v namen, ki bi kakorkoli \u0161kodoval uporabniku ali drugi vpleteni osebi, razen v namene, ki jih uporabnik \u00a0predhodno dovoli.<\/p><p><span style=\"font-weight: 400;\">\u00a0<\/span><\/p><p><span style=\"font-weight: 400;\">\u00a0<\/span><\/p>\t\t\t\t\t\t<\/div>\n\t\t\t\t<\/div>\n\t\t\t\t\t<\/div>\n\t\t<\/div>\n\t\t\t\t\t<\/div>\n\t\t<\/section>\n\t\t\t\t<section class=\"elementor-section elementor-top-section elementor-element elementor-element-5d4108b elementor-section-content-middle elementor-section-boxed elementor-section-height-default elementor-section-height-default\" data-id=\"5d4108b\" data-element_type=\"section\" data-settings=\"{&quot;background_background&quot;:&quot;classic&quot;}\">\n\t\t\t\t\t\t<div class=\"elementor-container elementor-column-gap-no\">\n\t\t\t\t\t<div class=\"elementor-column elementor-col-100 elementor-top-column elementor-element elementor-element-5c4da28\" data-id=\"5c4da28\" data-element_type=\"column\">\n\t\t\t<div class=\"elementor-widget-wrap elementor-element-populated\">\n\t\t\t\t\t\t<div class=\"elementor-element elementor-element-8d50c11 elementor-widget elementor-widget-heading\" data-id=\"8d50c11\" data-element_type=\"widget\" data-widget_type=\"heading.default\">\n\t\t\t\t<div class=\"elementor-widget-container\">\n\t\t\t<h2 class=\"elementor-heading-title elementor-size-default\">Novice<\/h2>\t\t<\/div>\n\t\t\t\t<\/div>\n\t\t\t\t<div class=\"elementor-element elementor-element-c241d02 elementor-widget-divider--view-line elementor-widget elementor-widget-divider\" data-id=\"c241d02\" data-element_type=\"widget\" data-widget_type=\"divider.default\">\n\t\t\t\t<div class=\"elementor-widget-container\">\n\t\t\t\t\t<div class=\"elementor-divider\">\n\t\t\t<span class=\"elementor-divider-separator\">\n\t\t\t\t\t\t<\/span>\n\t\t<\/div>\n\t\t\t\t<\/div>\n\t\t\t\t<\/div>\n\t\t\t\t<div class=\"elementor-element elementor-element-9b2b9da elementor-grid-eael-col-4 elementor-grid-tablet-eael-col-2 elementor-grid-mobile-eael-col-1 elementor-widget elementor-widget-eael-post-grid\" data-id=\"9b2b9da\" data-element_type=\"widget\" data-settings=\"{&quot;eael_post_grid_columns&quot;:&quot;eael-col-4&quot;,&quot;eael_post_grid_columns_tablet&quot;:&quot;eael-col-2&quot;,&quot;eael_post_grid_columns_mobile&quot;:&quot;eael-col-1&quot;}\" data-widget_type=\"eael-post-grid.default\">\n\t\t\t\t<div class=\"elementor-widget-container\">\n\t\t\t<div id=\"eael-post-grid-9b2b9da\" class=\"eael-post-grid-container\">\n            <div class=\"eael-post-grid eael-post-appender eael-post-appender-9b2b9da eael-post-grid-style-default\" data-layout-mode=\"masonry\"><article class=\"eael-grid-post eael-post-grid-column\" data-id=\"1466\">\n        <div class=\"eael-grid-post-holder\">\n            <div class=\"eael-grid-post-holder-inner\"><div class=\"eael-entry-media\"><div class=\"eael-entry-overlay slide-up\"><i class=\"fas fa-long-arrow-alt-right\" aria-hidden=\"true\"><\/i><a href=\"https:\/\/wolfy.si\/index.php\/2026\/04\/17\/porocni-plesni-tecaj-3\/\"><\/a><\/div><div class=\"eael-entry-thumbnail \">\n                <img fetchpriority=\"high\" decoding=\"async\" width=\"252\" height=\"300\" src=\"https:\/\/wolfy.si\/wp-content\/uploads\/2020\/08\/POROCNI-PLESNI-TECAJ-2-252x300.jpg\" class=\"attachment-medium size-medium wp-image-4781\" alt=\"married dance class\" srcset=\"https:\/\/wolfy.si\/wp-content\/uploads\/2020\/08\/POROCNI-PLESNI-TECAJ-2-252x300.jpg 252w, https:\/\/wolfy.si\/wp-content\/uploads\/2020\/08\/POROCNI-PLESNI-TECAJ-2-861x1024.jpg 861w, https:\/\/wolfy.si\/wp-content\/uploads\/2020\/08\/POROCNI-PLESNI-TECAJ-2-768x913.jpg 768w, https:\/\/wolfy.si\/wp-content\/uploads\/2020\/08\/POROCNI-PLESNI-TECAJ-2.jpg 906w\" sizes=\"(max-width: 252px) 100vw, 252px\" \/>\n            <\/div>\n        <\/div><div class=\"eael-entry-wrapper\"><header class=\"eael-entry-header\"><h2 class=\"eael-entry-title\"><a\n                        class=\"eael-grid-post-link\"\n                        href=\"https:\/\/wolfy.si\/index.php\/2026\/04\/17\/porocni-plesni-tecaj-3\/\"\n                        title=\"PORO\u010cNI PLESNI TE\u010cAJ\">PORO\u010cNI PLESNI TE\u010cAJ<\/a><\/h2><\/header><div class=\"eael-entry-content\">\n                        <div class=\"eael-grid-post-excerpt\"><p>nazaj PORO\u010cNI PLESNI TE\u010cAJ OTVORITVENI PORO\u010cNI PLESBli\u017ea se \u010das, ko...<\/p><a\n                            href=\"https:\/\/wolfy.si\/index.php\/2026\/04\/17\/porocni-plesni-tecaj-3\/\"\n                            class=\"eael-post-elements-readmore-btn\">Read More<\/a><\/div>\n                    <\/div><\/div><\/div>\n        <\/div>\n    <\/article><article class=\"eael-grid-post eael-post-grid-column\" data-id=\"1359\">\n        <div class=\"eael-grid-post-holder\">\n            <div class=\"eael-grid-post-holder-inner\"><div class=\"eael-entry-media\"><div class=\"eael-entry-overlay slide-up\"><i class=\"fas fa-long-arrow-alt-right\" aria-hidden=\"true\"><\/i><a href=\"https:\/\/wolfy.si\/index.php\/2026\/04\/07\/poletna-vadba-julij-2026\/\"><\/a><\/div><div class=\"eael-entry-thumbnail \">\n                <img decoding=\"async\" width=\"221\" height=\"300\" src=\"https:\/\/wolfy.si\/wp-content\/uploads\/2025\/03\/Copy-of-Copy-of-Dance-Made-with-PosterMyWall-221x300.jpg\" class=\"attachment-medium size-medium wp-image-11386\" alt=\"POLETNA VADBA - julij 2026\" srcset=\"https:\/\/wolfy.si\/wp-content\/uploads\/2025\/03\/Copy-of-Copy-of-Dance-Made-with-PosterMyWall-221x300.jpg 221w, https:\/\/wolfy.si\/wp-content\/uploads\/2025\/03\/Copy-of-Copy-of-Dance-Made-with-PosterMyWall-754x1024.jpg 754w, https:\/\/wolfy.si\/wp-content\/uploads\/2025\/03\/Copy-of-Copy-of-Dance-Made-with-PosterMyWall.jpg 768w\" sizes=\"(max-width: 221px) 100vw, 221px\" \/>\n            <\/div>\n        <\/div><div class=\"eael-entry-wrapper\"><header class=\"eael-entry-header\"><h2 class=\"eael-entry-title\"><a\n                        class=\"eael-grid-post-link\"\n                        href=\"https:\/\/wolfy.si\/index.php\/2026\/04\/07\/poletna-vadba-julij-2026\/\"\n                        title=\"POLETNA VADBA JULIJ 2026: zumba , balet in jazz balet\">POLETNA VADBA JULIJ 2026: zumba , balet in jazz balet<\/a><\/h2><\/header><div class=\"eael-entry-content\">\n                        <div class=\"eael-grid-post-excerpt\"><p>POLETNI TRENINGI &#8211; julij 2026 nazaj URNIK poletnih treningov &#8211;...<\/p><a\n                            href=\"https:\/\/wolfy.si\/index.php\/2026\/04\/07\/poletna-vadba-julij-2026\/\"\n                            class=\"eael-post-elements-readmore-btn\">Read More<\/a><\/div>\n                    <\/div><\/div><\/div>\n        <\/div>\n    <\/article><article class=\"eael-grid-post eael-post-grid-column\" data-id=\"6999\">\n        <div class=\"eael-grid-post-holder\">\n            <div class=\"eael-grid-post-holder-inner\"><div class=\"eael-entry-media\"><div class=\"eael-entry-overlay slide-up\"><i class=\"fas fa-long-arrow-alt-right\" aria-hidden=\"true\"><\/i><a href=\"https:\/\/wolfy.si\/index.php\/2026\/04\/07\/zakljucna-plesna-produkcija-7-junij-2026\/\"><\/a><\/div><div class=\"eael-entry-thumbnail \">\n                <img decoding=\"async\" width=\"300\" height=\"200\" src=\"https:\/\/wolfy.si\/wp-content\/uploads\/2023\/08\/IMG-6e8f9f0038effcbcc29d970af645ac16-V-300x200.jpg\" class=\"attachment-medium size-medium wp-image-8058\" alt=\"plesna \u0161ola Wolfy\" srcset=\"https:\/\/wolfy.si\/wp-content\/uploads\/2023\/08\/IMG-6e8f9f0038effcbcc29d970af645ac16-V-300x200.jpg 300w, https:\/\/wolfy.si\/wp-content\/uploads\/2023\/08\/IMG-6e8f9f0038effcbcc29d970af645ac16-V-1024x683.jpg 1024w, https:\/\/wolfy.si\/wp-content\/uploads\/2023\/08\/IMG-6e8f9f0038effcbcc29d970af645ac16-V-768x512.jpg 768w, https:\/\/wolfy.si\/wp-content\/uploads\/2023\/08\/IMG-6e8f9f0038effcbcc29d970af645ac16-V-1536x1024.jpg 1536w, https:\/\/wolfy.si\/wp-content\/uploads\/2023\/08\/IMG-6e8f9f0038effcbcc29d970af645ac16-V.jpg 1600w\" sizes=\"(max-width: 300px) 100vw, 300px\" \/>\n            <\/div>\n        <\/div><div class=\"eael-entry-wrapper\"><header class=\"eael-entry-header\"><h2 class=\"eael-entry-title\"><a\n                        class=\"eael-grid-post-link\"\n                        href=\"https:\/\/wolfy.si\/index.php\/2026\/04\/07\/zakljucna-plesna-produkcija-7-junij-2026\/\"\n                        title=\"ZAKLJU\u010cNA PLESNA PRODUKCIJA &#8211; 7.junij 2026\">ZAKLJU\u010cNA PLESNA PRODUKCIJA &#8211; 7.junij 2026<\/a><\/h2><\/header><div class=\"eael-entry-content\">\n                        <div class=\"eael-grid-post-excerpt\"><p>ZAKLJU\u010cNA PRODUKCIJA nazaj NEDELJA 7.6. 2026 Spo\u0161tovani, vabimo vas na...<\/p><a\n                            href=\"https:\/\/wolfy.si\/index.php\/2026\/04\/07\/zakljucna-plesna-produkcija-7-junij-2026\/\"\n                            class=\"eael-post-elements-readmore-btn\">Read More<\/a><\/div>\n                    <\/div><\/div><\/div>\n        <\/div>\n    <\/article><\/div>\n            <div class=\"clearfix\"><\/div>\n        <\/div>\t\t<\/div>\n\t\t\t\t<\/div>\n\t\t\t\t\t<\/div>\n\t\t<\/div>\n\t\t\t\t\t<\/div>\n\t\t<\/section>\n\t\t\t\t<\/div>\n\t\t","protected":false},"excerpt":{"rendered":"<p>POGOJI Pogoji &#8211; preberi 1. PLA\u010cILO:RA\u010cUN za mese\u010dno vadnino \u010dlan prejme 1. teden v mesecu. Vadnina se poravna za teko\u010di mesec. \u010ce ste izbrali ra\u010dun v el. obliki, vam ga po\u0161ljemo na va\u0161 el. naslov, \u010de ste izbrali ra\u010dun v papirnati obliki ( polo\u017enico), jo prejmete pri plesni u\u010diteljici ali pa vam jo po\u0161ljemo na &hellip;<\/p>\n<p class=\"read-more\"> <a class=\"\" href=\"https:\/\/wolfy.si\/index.php\/2026\/04\/07\/zakljucna-plesna-produkcija-7-junij-2026\/\"> <span class=\"screen-reader-text\">ZAKLJU\u010cNA PLESNA PRODUKCIJA &#8211; 7.junij 2026<\/span> Read More &raquo;<\/a><\/p>\n","protected":false},"author":1,"featured_media":0,"parent":0,"menu_order":0,"comment_status":"closed","ping_status":"closed","template":"","meta":{"_seopress_robots_primary_cat":"","_seopress_titles_title":"","_seopress_titles_desc":"","_seopress_robots_index":"","_monsterinsights_skip_tracking":false,"_monsterinsights_sitenote_active":false,"_monsterinsights_sitenote_note":"","_monsterinsights_sitenote_category":0,"site-sidebar-layout":"no-sidebar","site-content-layout":"page-builder","ast-global-header-display":"","ast-banner-title-visibility":"","ast-main-header-display":"","ast-hfb-above-header-display":"","ast-hfb-below-header-display":"","ast-hfb-mobile-header-display":"","site-post-title":"disabled","ast-breadcrumbs-content":"disabled","ast-featured-img":"disabled","footer-sml-layout":"","theme-transparent-header-meta":"default","adv-header-id-meta":"","stick-header-meta":"","header-above-stick-meta":"","header-main-stick-meta":"","header-below-stick-meta":"","footnotes":""},"folder":[],"_links":{"self":[{"href":"https:\/\/wolfy.si\/index.php\/wp-json\/wp\/v2\/pages\/894"}],"collection":[{"href":"https:\/\/wolfy.si\/index.php\/wp-json\/wp\/v2\/pages"}],"about":[{"href":"https:\/\/wolfy.si\/index.php\/wp-json\/wp\/v2\/types\/page"}],"author":[{"embeddable":true,"href":"https:\/\/wolfy.si\/index.php\/wp-json\/wp\/v2\/users\/1"}],"replies":[{"embeddable":true,"href":"https:\/\/wolfy.si\/index.php\/wp-json\/wp\/v2\/comments?post=894"}],"version-history":[{"count":51,"href":"https:\/\/wolfy.si\/index.php\/wp-json\/wp\/v2\/pages\/894\/revisions"}],"predecessor-version":[{"id":13231,"href":"https:\/\/wolfy.si\/index.php\/wp-json\/wp\/v2\/pages\/894\/revisions\/13231"}],"wp:attachment":[{"href":"https:\/\/wolfy.si\/index.php\/wp-json\/wp\/v2\/media?parent=894"}],"wp:term":[{"taxonomy":"folder","embeddable":true,"href":"https:\/\/wolfy.si\/index.php\/wp-json\/wp\/v2\/folder?post=894"}],"curies":[{"name":"wp","href":"https:\/\/api.w.org\/{rel}","templated":true}]}}